{"id":4552,"date":"2022-05-16T08:01:53","date_gmt":"2022-05-16T08:01:53","guid":{"rendered":"https:\/\/www.vitamixespana.com\/recetas\/?page_id=4552"},"modified":"2024-04-02T22:37:19","modified_gmt":"2024-04-02T20:37:19","slug":"receitas-vitamix","status":"publish","type":"page","link":"https:\/\/www.vitamixportugal.com\/recetas\/","title":{"rendered":"Receitas Vitamix"},"content":{"rendered":"<div id=\"pl-4552\"  class=\"panel-layout\" ><div id=\"pg-4552-0\"  class=\"panel-grid panel-has-style\" ><div class=\"neutral-3 full-width-block py-5 mb-5 px-2 panel-row-style panel-row-style-for-4552-0\" id=\"center_search\" ><div id=\"pgc-4552-0-0\"  class=\"panel-grid-cell\" ><div id=\"panel-4552-0-0-0\" class=\"so-panel widget widget_sow-editor panel-first-child panel-last-child\" data-index=\"0\" ><div class=\"container panel-widget-style panel-widget-style-for-4552-0-0-0\" ><div\n\t\t\t\n\t\t\tclass=\"so-widget-sow-editor so-widget-sow-editor-base\"\n\t\t\t\n\t\t>\n<div class=\"siteorigin-widget-tinymce textwidget\">\n\t<h1 style=\"text-align: center;\" class=\"h3\">Receitas Vitamix<\/h1>\n<p style=\"text-align: center;\" class=\"vitamix-300 h1\">Inspira-te com as nossas propostas<\/p>\n<p style=\"text-align: center;\">Ajud\u00e1mos-te a descobrir a infinidade de receitas que podes fazer com tua liquidificadora Vitamix.<\/p>\n<p style=\"text-align: center;\">Vitamix \u00e9 muito mais que um liquidificador: pica, bate, mistura, corta e m\u00f3i.. J\u00e1 n\u00e3o h\u00e1 maneiras para n\u00e3o comer saud\u00e1vel!<\/p>\n<form role=\"search\" method=\"get\" action=\"https:\/\/www.vitamixportugal.com\/recetas\/\">\n<div class=\"input-group-lg buscar-home\"><input class=\"form-control search-query\" placeholder=\"Encontre receitas...\" value=\"\" name=\"s\" title=\"Encontre receitas\" type=\"text\"\/><button type=\"submit\" class=\"btn btn-default\" name=\"submit\" id=\"searchsubmit\" value=\"Busca\" style=\"\"><i class=\"fa fa-search fa-fw\" aria-hidden=\"true\"><\/i><\/button><\/div>\n<\/form>\n<style>#wrapper{padding-top:0}.input-group-lg.buscar-home{display:flex;gap:0;max-width: 800px; margin: auto;}button#searchsubmit{background-color:#363f47;color:#fff;}.siteorigin-widget-tinymce.textwidget h2 {\n    font-size: 1.2rem;\n    margin-top: -1rem;\n}<\/style>\n<\/div>\n<\/div><\/div><\/div><\/div><\/div><\/div><div id=\"pg-4552-1\"  class=\"panel-grid panel-has-style\" ><div class=\"container recipes_categories panel-row-style panel-row-style-for-4552-1\" ><div id=\"pgc-4552-1-0\"  class=\"panel-grid-cell\" ><div id=\"panel-4552-1-0-0\" class=\"so-panel widget widget_sow-image panel-first-child\" data-index=\"1\" ><div\n\t\t\t\n\t\t\tclass=\"so-widget-sow-image so-widget-sow-image-default-8b5b6f678277-4552\"\n\t\t\t\n\t\t>\n<div class=\"sow-image-container\">\n\t\t\t<a href=\"\/recetas\/todas-as-receitas\/\"\n\t\t\t\t\t>\n\t\t\t<img \n\tsrc=\"https:\/\/www.vitamixportugal.com\/recetas\/wp-content\/uploads\/2016\/07\/Todas-las-recetas.jpg\" width=\"1060\" height=\"710\" srcset=\"https:\/\/www.vitamixportugal.com\/recetas\/wp-content\/uploads\/2016\/07\/Todas-las-recetas.jpg 1060w, https:\/\/www.vitamixportugal.com\/recetas\/wp-content\/uploads\/2016\/07\/Todas-las-recetas-300x201.jpg 300w, https:\/\/www.vitamixportugal.com\/recetas\/wp-content\/uploads\/2016\/07\/Todas-las-recetas-1024x686.jpg 1024w, https:\/\/www.vitamixportugal.com\/recetas\/wp-content\/uploads\/2016\/07\/Todas-las-recetas-768x514.jpg 768w, https:\/\/www.vitamixportugal.com\/recetas\/wp-content\/uploads\/2016\/07\/Todas-las-recetas-272x182.jpg 272w\" sizes=\"(max-width: 1060px) 100vw, 1060px\" title=\"Todas as Receitas\" alt=\"Todas as Receitas\" \t\tclass=\"so-widget-image\"\/>\n\t\t\t<\/a><\/div>\n\n<\/div><\/div><div id=\"panel-4552-1-0-1\" class=\"so-panel widget widget_sow-editor panel-last-child\" data-index=\"2\" ><div\n\t\t\t\n\t\t\tclass=\"so-widget-sow-editor so-widget-sow-editor-base\"\n\t\t\t\n\t\t>\n<div class=\"siteorigin-widget-tinymce textwidget\">\n\t<h2><a href=\"\/recetas\/todas-as-receitas\/\">Todas as receitas<\/a><\/h2>\n<\/div>\n<\/div><\/div><\/div><div id=\"pgc-4552-1-1\"  class=\"panel-grid-cell\" ><div id=\"panel-4552-1-1-0\" class=\"so-panel widget widget_sow-image panel-first-child\" data-index=\"3\" ><div\n\t\t\t\n\t\t\tclass=\"so-widget-sow-image so-widget-sow-image-default-8b5b6f678277-4552\"\n\t\t\t\n\t\t>\n<div class=\"sow-image-container\">\n\t\t\t<a href=\"\/recetas\/smoothies-pt-pt\/\"\n\t\t\t\t\t>\n\t\t\t<img \n\tsrc=\"https:\/\/www.vitamixportugal.com\/recetas\/wp-content\/uploads\/2016\/07\/smoothies-recetas.jpg\" width=\"900\" height=\"600\" srcset=\"https:\/\/www.vitamixportugal.com\/recetas\/wp-content\/uploads\/2016\/07\/smoothies-recetas.jpg 900w, https:\/\/www.vitamixportugal.com\/recetas\/wp-content\/uploads\/2016\/07\/smoothies-recetas-300x200.jpg 300w, https:\/\/www.vitamixportugal.com\/recetas\/wp-content\/uploads\/2016\/07\/smoothies-recetas-768x512.jpg 768w, https:\/\/www.vitamixportugal.com\/recetas\/wp-content\/uploads\/2016\/07\/smoothies-recetas-272x182.jpg 272w\" sizes=\"(max-width: 900px) 100vw, 900px\" title=\"Smotthies\" alt=\"Smoothies\" \t\tclass=\"so-widget-image\"\/>\n\t\t\t<\/a><\/div>\n\n<\/div><\/div><div id=\"panel-4552-1-1-1\" class=\"so-panel widget widget_sow-editor panel-last-child\" data-index=\"4\" ><div\n\t\t\t\n\t\t\tclass=\"so-widget-sow-editor so-widget-sow-editor-base\"\n\t\t\t\n\t\t>\n<div class=\"siteorigin-widget-tinymce textwidget\">\n\t<h2><a href=\"\/recetas\/smoothies-pt-pt\/\">Smoothies<\/a><\/h2>\n<\/div>\n<\/div><\/div><\/div><div id=\"pgc-4552-1-2\"  class=\"panel-grid-cell\" ><div id=\"panel-4552-1-2-0\" class=\"so-panel widget widget_sow-image panel-first-child\" data-index=\"5\" ><div\n\t\t\t\n\t\t\tclass=\"so-widget-sow-image so-widget-sow-image-default-8b5b6f678277-4552\"\n\t\t\t\n\t\t>\n<div class=\"sow-image-container\">\n\t\t\t<a href=\"\/recetas\/sopas-e-cremes\/\"\n\t\t\t\t\t>\n\t\t\t<img \n\tsrc=\"https:\/\/www.vitamixportugal.com\/recetas\/wp-content\/uploads\/2016\/07\/sopas-recetas.jpg\" width=\"900\" height=\"600\" srcset=\"https:\/\/www.vitamixportugal.com\/recetas\/wp-content\/uploads\/2016\/07\/sopas-recetas.jpg 900w, https:\/\/www.vitamixportugal.com\/recetas\/wp-content\/uploads\/2016\/07\/sopas-recetas-300x200.jpg 300w, https:\/\/www.vitamixportugal.com\/recetas\/wp-content\/uploads\/2016\/07\/sopas-recetas-768x512.jpg 768w, https:\/\/www.vitamixportugal.com\/recetas\/wp-content\/uploads\/2016\/07\/sopas-recetas-272x182.jpg 272w\" sizes=\"(max-width: 900px) 100vw, 900px\" title=\"Sopas e cremes \" alt=\"Sopas e cremes \" \t\tclass=\"so-widget-image\"\/>\n\t\t\t<\/a><\/div>\n\n<\/div><\/div><div id=\"panel-4552-1-2-1\" class=\"so-panel widget widget_sow-editor panel-last-child\" data-index=\"6\" ><div\n\t\t\t\n\t\t\tclass=\"so-widget-sow-editor so-widget-sow-editor-base\"\n\t\t\t\n\t\t>\n<div class=\"siteorigin-widget-tinymce textwidget\">\n\t<h2><a href=\"\/recetas\/sopas-e-cremes\/\">Sopas e cremes<\/a><\/h2>\n<\/div>\n<\/div><\/div><\/div><div id=\"pgc-4552-1-3\"  class=\"panel-grid-cell\" ><div id=\"panel-4552-1-3-0\" class=\"so-panel widget widget_sow-image panel-first-child\" data-index=\"7\" ><div\n\t\t\t\n\t\t\tclass=\"so-widget-sow-image so-widget-sow-image-default-8b5b6f678277-4552\"\n\t\t\t\n\t\t>\n<div class=\"sow-image-container\">\n\t\t\t<a href=\"\/recetas\/gelados\/\"\n\t\t\t\t\t>\n\t\t\t<img \n\tsrc=\"https:\/\/www.vitamixportugal.com\/recetas\/wp-content\/uploads\/2016\/07\/helados-recetas.jpg\" width=\"900\" height=\"600\" srcset=\"https:\/\/www.vitamixportugal.com\/recetas\/wp-content\/uploads\/2016\/07\/helados-recetas.jpg 900w, https:\/\/www.vitamixportugal.com\/recetas\/wp-content\/uploads\/2016\/07\/helados-recetas-300x200.jpg 300w, https:\/\/www.vitamixportugal.com\/recetas\/wp-content\/uploads\/2016\/07\/helados-recetas-768x512.jpg 768w, https:\/\/www.vitamixportugal.com\/recetas\/wp-content\/uploads\/2016\/07\/helados-recetas-272x182.jpg 272w\" sizes=\"(max-width: 900px) 100vw, 900px\" title=\"Gelados\" alt=\"Gelados\" \t\tclass=\"so-widget-image\"\/>\n\t\t\t<\/a><\/div>\n\n<\/div><\/div><div id=\"panel-4552-1-3-1\" class=\"so-panel widget widget_sow-editor panel-last-child\" data-index=\"8\" ><div\n\t\t\t\n\t\t\tclass=\"so-widget-sow-editor so-widget-sow-editor-base\"\n\t\t\t\n\t\t>\n<div class=\"siteorigin-widget-tinymce textwidget\">\n\t<h2><a href=\"\/recetas\/gelados\/\">Gelados<\/a><\/h2>\n<\/div>\n<\/div><\/div><\/div><\/div><\/div><div id=\"pg-4552-2\"  class=\"panel-grid panel-has-style\" ><div class=\"container recipes_categories panel-row-style panel-row-style-for-4552-2\" ><div id=\"pgc-4552-2-0\"  class=\"panel-grid-cell\" ><div id=\"panel-4552-2-0-0\" class=\"so-panel widget widget_sow-image panel-first-child\" data-index=\"9\" ><div\n\t\t\t\n\t\t\tclass=\"so-widget-sow-image so-widget-sow-image-default-8b5b6f678277-4552\"\n\t\t\t\n\t\t>\n<div class=\"sow-image-container\">\n\t\t\t<a href=\"\/recetas\/leite-vegetal\/\"\n\t\t\t\t\t>\n\t\t\t<img \n\tsrc=\"https:\/\/www.vitamixportugal.com\/recetas\/wp-content\/uploads\/2016\/07\/leches-vegetales-recetas.jpg\" width=\"900\" height=\"600\" srcset=\"https:\/\/www.vitamixportugal.com\/recetas\/wp-content\/uploads\/2016\/07\/leches-vegetales-recetas.jpg 900w, https:\/\/www.vitamixportugal.com\/recetas\/wp-content\/uploads\/2016\/07\/leches-vegetales-recetas-300x200.jpg 300w, https:\/\/www.vitamixportugal.com\/recetas\/wp-content\/uploads\/2016\/07\/leches-vegetales-recetas-768x512.jpg 768w, https:\/\/www.vitamixportugal.com\/recetas\/wp-content\/uploads\/2016\/07\/leches-vegetales-recetas-272x182.jpg 272w\" sizes=\"(max-width: 900px) 100vw, 900px\" title=\"Leite vegetal\" alt=\"Leite vegetal\" \t\tclass=\"so-widget-image\"\/>\n\t\t\t<\/a><\/div>\n\n<\/div><\/div><div id=\"panel-4552-2-0-1\" class=\"so-panel widget widget_sow-editor panel-last-child\" data-index=\"10\" ><div\n\t\t\t\n\t\t\tclass=\"so-widget-sow-editor so-widget-sow-editor-base\"\n\t\t\t\n\t\t>\n<div class=\"siteorigin-widget-tinymce textwidget\">\n\t<h2><a href=\"\/leite-vegetal\/\">Leite vegetal<\/a><\/h2>\n<\/div>\n<\/div><\/div><\/div><div id=\"pgc-4552-2-1\"  class=\"panel-grid-cell\" ><div id=\"panel-4552-2-1-0\" class=\"so-panel widget widget_sow-image panel-first-child\" data-index=\"11\" ><div\n\t\t\t\n\t\t\tclass=\"so-widget-sow-image so-widget-sow-image-default-8b5b6f678277-4552\"\n\t\t\t\n\t\t>\n<div class=\"sow-image-container\">\n\t\t\t<a href=\"\/recetas\/cremas-de-frutos-secos\/\"\n\t\t\t\t\t>\n\t\t\t<img \n\tsrc=\"https:\/\/www.vitamixportugal.com\/recetas\/wp-content\/uploads\/2017\/01\/crema-cacao2.jpg\" width=\"900\" height=\"600\" srcset=\"https:\/\/www.vitamixportugal.com\/recetas\/wp-content\/uploads\/2017\/01\/crema-cacao2.jpg 900w, https:\/\/www.vitamixportugal.com\/recetas\/wp-content\/uploads\/2017\/01\/crema-cacao2-300x200.jpg 300w, https:\/\/www.vitamixportugal.com\/recetas\/wp-content\/uploads\/2017\/01\/crema-cacao2-768x512.jpg 768w, https:\/\/www.vitamixportugal.com\/recetas\/wp-content\/uploads\/2017\/01\/crema-cacao2-272x182.jpg 272w\" sizes=\"(max-width: 900px) 100vw, 900px\" title=\"Crema de frutos secos\" alt=\"Crema de frutos secos\" \t\tclass=\"so-widget-image\"\/>\n\t\t\t<\/a><\/div>\n\n<\/div><\/div><div id=\"panel-4552-2-1-1\" class=\"so-panel widget widget_sow-editor panel-last-child\" data-index=\"12\" ><div\n\t\t\t\n\t\t\tclass=\"so-widget-sow-editor so-widget-sow-editor-base\"\n\t\t\t\n\t\t>\n<div class=\"siteorigin-widget-tinymce textwidget\">\n\t<h2><a href=\"\/recetas\/cremas-de-frutos-secos\/\">Crema de frutos secos<\/a><\/h2>\n<\/div>\n<\/div><\/div><\/div><div id=\"pgc-4552-2-2\"  class=\"panel-grid-cell\" ><div id=\"panel-4552-2-2-0\" class=\"so-panel widget widget_sow-image panel-first-child\" data-index=\"13\" ><div\n\t\t\t\n\t\t\tclass=\"so-widget-sow-image so-widget-sow-image-default-8b5b6f678277-4552\"\n\t\t\t\n\t\t>\n<div class=\"sow-image-container\">\n\t\t\t<a href=\"\/recetas\/molhos-e-untaveis\/\"\n\t\t\t\t\t>\n\t\t\t<img \n\tsrc=\"https:\/\/www.vitamixportugal.com\/recetas\/wp-content\/uploads\/2017\/02\/avocado-y-yogurt-blog-vitamix02.jpg\" width=\"900\" height=\"600\" srcset=\"https:\/\/www.vitamixportugal.com\/recetas\/wp-content\/uploads\/2017\/02\/avocado-y-yogurt-blog-vitamix02.jpg 900w, https:\/\/www.vitamixportugal.com\/recetas\/wp-content\/uploads\/2017\/02\/avocado-y-yogurt-blog-vitamix02-300x200.jpg 300w, https:\/\/www.vitamixportugal.com\/recetas\/wp-content\/uploads\/2017\/02\/avocado-y-yogurt-blog-vitamix02-768x512.jpg 768w, https:\/\/www.vitamixportugal.com\/recetas\/wp-content\/uploads\/2017\/02\/avocado-y-yogurt-blog-vitamix02-272x182.jpg 272w\" sizes=\"(max-width: 900px) 100vw, 900px\" title=\"Molhos e Unt\u00e1veis\" alt=\"Molhos e Unt\u00e1veis\" \t\tclass=\"so-widget-image\"\/>\n\t\t\t<\/a><\/div>\n\n<\/div><\/div><div id=\"panel-4552-2-2-1\" class=\"so-panel widget widget_sow-editor panel-last-child\" data-index=\"14\" ><div\n\t\t\t\n\t\t\tclass=\"so-widget-sow-editor so-widget-sow-editor-base\"\n\t\t\t\n\t\t>\n<div class=\"siteorigin-widget-tinymce textwidget\">\n\t<h2><a href=\"\/recetas\/molhos-e-untaveis\/\">Molhos e Unt\u00e1veis<\/a><\/h2>\n<\/div>\n<\/div><\/div><\/div><div id=\"pgc-4552-2-3\"  class=\"panel-grid-cell\" ><div id=\"panel-4552-2-3-0\" class=\"so-panel widget widget_sow-image panel-first-child\" data-index=\"15\" ><div\n\t\t\t\n\t\t\tclass=\"so-widget-sow-image so-widget-sow-image-default-8b5b6f678277-4552\"\n\t\t\t\n\t\t>\n<div class=\"sow-image-container\">\n\t\t\t<a href=\"\/recetas\/sobremesas-pt-pt\/\"\n\t\t\t\t\t>\n\t\t\t<img \n\tsrc=\"https:\/\/www.vitamixportugal.com\/recetas\/wp-content\/uploads\/2016\/07\/postres-recetas.jpg\" width=\"900\" height=\"600\" srcset=\"https:\/\/www.vitamixportugal.com\/recetas\/wp-content\/uploads\/2016\/07\/postres-recetas.jpg 900w, https:\/\/www.vitamixportugal.com\/recetas\/wp-content\/uploads\/2016\/07\/postres-recetas-300x200.jpg 300w, https:\/\/www.vitamixportugal.com\/recetas\/wp-content\/uploads\/2016\/07\/postres-recetas-768x512.jpg 768w, https:\/\/www.vitamixportugal.com\/recetas\/wp-content\/uploads\/2016\/07\/postres-recetas-272x182.jpg 272w\" sizes=\"(max-width: 900px) 100vw, 900px\" title=\"Sobremesas\" alt=\"Sobremesas\" \t\tclass=\"so-widget-image\"\/>\n\t\t\t<\/a><\/div>\n\n<\/div><\/div><div id=\"panel-4552-2-3-1\" class=\"so-panel widget widget_sow-editor panel-last-child\" data-index=\"16\" ><div\n\t\t\t\n\t\t\tclass=\"so-widget-sow-editor so-widget-sow-editor-base\"\n\t\t\t\n\t\t>\n<div class=\"siteorigin-widget-tinymce textwidget\">\n\t<h2><a href=\"\/recetas\/sobremesas-pt-pt\/\">Sobremesas<\/a><\/h2>\n<\/div>\n<\/div><\/div><\/div><\/div><\/div><div id=\"pg-4552-3\"  class=\"panel-grid panel-has-style\" ><div class=\"container recipes_categories panel-row-style panel-row-style-for-4552-3\" ><div id=\"pgc-4552-3-0\"  class=\"panel-grid-cell\" ><div id=\"panel-4552-3-0-0\" class=\"so-panel widget widget_sow-image panel-first-child\" data-index=\"17\" ><div\n\t\t\t\n\t\t\tclass=\"so-widget-sow-image so-widget-sow-image-default-8b5b6f678277-4552\"\n\t\t\t\n\t\t>\n<div class=\"sow-image-container\">\n\t\t\t<a href=\"\/recetas\/aperitivos-pt-pt\/\"\n\t\t\t\t\t>\n\t\t\t<img \n\tsrc=\"https:\/\/www.vitamixportugal.com\/recetas\/wp-content\/uploads\/2016\/07\/aperitivo-recetas.jpg\" width=\"900\" height=\"600\" srcset=\"https:\/\/www.vitamixportugal.com\/recetas\/wp-content\/uploads\/2016\/07\/aperitivo-recetas.jpg 900w, https:\/\/www.vitamixportugal.com\/recetas\/wp-content\/uploads\/2016\/07\/aperitivo-recetas-300x200.jpg 300w, https:\/\/www.vitamixportugal.com\/recetas\/wp-content\/uploads\/2016\/07\/aperitivo-recetas-768x512.jpg 768w, https:\/\/www.vitamixportugal.com\/recetas\/wp-content\/uploads\/2016\/07\/aperitivo-recetas-272x182.jpg 272w\" sizes=\"(max-width: 900px) 100vw, 900px\" title=\"Aperitivos\" alt=\"Aperitivos\" \t\tclass=\"so-widget-image\"\/>\n\t\t\t<\/a><\/div>\n\n<\/div><\/div><div id=\"panel-4552-3-0-1\" class=\"so-panel widget widget_sow-editor panel-last-child\" data-index=\"18\" ><div\n\t\t\t\n\t\t\tclass=\"so-widget-sow-editor so-widget-sow-editor-base\"\n\t\t\t\n\t\t>\n<div class=\"siteorigin-widget-tinymce textwidget\">\n\t<h2><a href=\"\/recetas\/aperitivos-pt-pt\/\">Aperitivos<\/a><\/h2>\n<\/div>\n<\/div><\/div><\/div><div id=\"pgc-4552-3-1\"  class=\"panel-grid-cell\" ><div id=\"panel-4552-3-1-0\" class=\"so-panel widget widget_sow-image panel-first-child\" data-index=\"19\" ><div\n\t\t\t\n\t\t\tclass=\"so-widget-sow-image so-widget-sow-image-default-8b5b6f678277-4552\"\n\t\t\t\n\t\t>\n<div class=\"sow-image-container\">\n\t\t\t<a href=\"\/recetas\/bebidas-pt-pt\/\"\n\t\t\t\t\t>\n\t\t\t<img \n\tsrc=\"https:\/\/www.vitamixportugal.com\/recetas\/wp-content\/uploads\/2016\/07\/bebidas-recetas.jpg\" width=\"900\" height=\"600\" srcset=\"https:\/\/www.vitamixportugal.com\/recetas\/wp-content\/uploads\/2016\/07\/bebidas-recetas.jpg 900w, https:\/\/www.vitamixportugal.com\/recetas\/wp-content\/uploads\/2016\/07\/bebidas-recetas-300x200.jpg 300w, https:\/\/www.vitamixportugal.com\/recetas\/wp-content\/uploads\/2016\/07\/bebidas-recetas-768x512.jpg 768w, https:\/\/www.vitamixportugal.com\/recetas\/wp-content\/uploads\/2016\/07\/bebidas-recetas-272x182.jpg 272w\" sizes=\"(max-width: 900px) 100vw, 900px\" title=\"Bebidas\" alt=\"Bebidas\" \t\tclass=\"so-widget-image\"\/>\n\t\t\t<\/a><\/div>\n\n<\/div><\/div><div id=\"panel-4552-3-1-1\" class=\"so-panel widget widget_sow-editor panel-last-child\" data-index=\"20\" ><div\n\t\t\t\n\t\t\tclass=\"so-widget-sow-editor so-widget-sow-editor-base\"\n\t\t\t\n\t\t>\n<div class=\"siteorigin-widget-tinymce textwidget\">\n\t<h2><a href=\"\/recetas\/bebidas-pt-pt\/\">Bebidas<\/a><\/h2>\n<\/div>\n<\/div><\/div><\/div><div id=\"pgc-4552-3-2\"  class=\"panel-grid-cell panel-grid-cell-mobile-last\" ><div id=\"panel-4552-3-2-0\" class=\"so-panel widget widget_sow-image panel-first-child\" data-index=\"21\" ><div\n\t\t\t\n\t\t\tclass=\"so-widget-sow-image so-widget-sow-image-default-8b5b6f678277-4552\"\n\t\t\t\n\t\t>\n<div class=\"sow-image-container\">\n\t\t\t<a href=\"\/recetas\/principais\/\"\n\t\t\t\t\t>\n\t\t\t<img \n\tsrc=\"https:\/\/www.vitamixportugal.com\/recetas\/wp-content\/uploads\/2018\/05\/rollitos-thai-1.jpg\" width=\"900\" height=\"600\" srcset=\"https:\/\/www.vitamixportugal.com\/recetas\/wp-content\/uploads\/2018\/05\/rollitos-thai-1.jpg 900w, https:\/\/www.vitamixportugal.com\/recetas\/wp-content\/uploads\/2018\/05\/rollitos-thai-1-300x200.jpg 300w, https:\/\/www.vitamixportugal.com\/recetas\/wp-content\/uploads\/2018\/05\/rollitos-thai-1-768x512.jpg 768w, https:\/\/www.vitamixportugal.com\/recetas\/wp-content\/uploads\/2018\/05\/rollitos-thai-1-272x182.jpg 272w\" sizes=\"(max-width: 900px) 100vw, 900px\" title=\"Principais\" alt=\"Principais\" \t\tclass=\"so-widget-image\"\/>\n\t\t\t<\/a><\/div>\n\n<\/div><\/div><div id=\"panel-4552-3-2-1\" class=\"so-panel widget widget_sow-editor panel-last-child\" data-index=\"22\" ><div\n\t\t\t\n\t\t\tclass=\"so-widget-sow-editor so-widget-sow-editor-base\"\n\t\t\t\n\t\t>\n<div class=\"siteorigin-widget-tinymce textwidget\">\n\t<h2><a href=\"\/recetas\/principais\/\">Principais<\/a><\/h2>\n<\/div>\n<\/div><\/div><\/div><div id=\"pgc-4552-3-3\"  class=\"panel-grid-cell panel-grid-cell-empty\" ><\/div><\/div><\/div><\/div>","protected":false},"excerpt":{"rendered":"<p>Receitas Vitamix Inspira-te com as nossas propostas Ajud\u00e1mos-te a descobrir a infinidade de receitas que podes fazer com tua liquidificadora Vitamix. Vitamix \u00e9 muito mais que um liquidificador: pica, bate, mistura, corta e m\u00f3i.. J\u00e1 n\u00e3o h\u00e1 maneiras para n\u00e3o comer saud\u00e1vel! Todas as receitas Smoothies Sopas e cremes Gelados<\/p>\n","protected":false},"author":1,"featured_media":0,"parent":0,"menu_order":0,"comment_status":"closed","ping_status":"closed","template":"page-templates\/full-width.php","meta":{"footnotes":""},"class_list":["post-4552","page","type-page","status-publish","hentry"],"yoast_head":"<!-- This site is optimized with the Yoast SEO plugin v26.1 - https:\/\/yoast.com\/wordpress\/plugins\/seo\/ -->\n<title>Receitas Vitamix - Recetas Vitamix<\/title>\n<meta name=\"robots\" content=\"index, follow, max-snippet:-1, max-image-preview:large, max-video-preview:-1\" \/>\n<link rel=\"canonical\" href=\"https:\/\/www.vitamixportugal.com\/recetas\/\" \/>\n<meta property=\"og:locale\" content=\"pt_PT\" \/>\n<meta property=\"og:type\" content=\"article\" \/>\n<meta property=\"og:title\" content=\"Receitas Vitamix - Recetas Vitamix\" \/>\n<meta property=\"og:description\" content=\"Receitas Vitamix Inspira-te com as nossas propostas Ajud\u00e1mos-te a descobrir a infinidade de receitas que podes fazer com tua liquidificadora Vitamix. Vitamix \u00e9 muito mais que um liquidificador: pica, bate, mistura, corta e m\u00f3i.. J\u00e1 n\u00e3o h\u00e1 maneiras para n\u00e3o comer saud\u00e1vel! Todas as receitas Smoothies Sopas e cremes Gelados\" \/>\n<meta property=\"og:url\" content=\"https:\/\/www.vitamixportugal.com\/recetas\/\" \/>\n<meta property=\"og:site_name\" content=\"Recetas Vitamix\" \/>\n<meta property=\"article:modified_time\" content=\"2024-04-02T20:37:19+00:00\" \/>\n<meta name=\"twitter:card\" content=\"summary_large_image\" \/>\n<meta name=\"twitter:label1\" content=\"Tempo estimado de leitura\" \/>\n\t<meta name=\"twitter:data1\" content=\"3 minutos\" \/>\n<script type=\"application\/ld+json\" class=\"yoast-schema-graph\">{\"@context\":\"https:\/\/schema.org\",\"@graph\":[{\"@type\":\"WebPage\",\"@id\":\"https:\/\/www.vitamixportugal.com\/recetas\/\",\"url\":\"https:\/\/www.vitamixportugal.com\/recetas\/\",\"name\":\"Receitas Vitamix - Recetas Vitamix\",\"isPartOf\":{\"@id\":\"https:\/\/www.vitamixespana.com\/recetas\/#website\"},\"datePublished\":\"2022-05-16T08:01:53+00:00\",\"dateModified\":\"2024-04-02T20:37:19+00:00\",\"breadcrumb\":{\"@id\":\"https:\/\/www.vitamixportugal.com\/recetas\/#breadcrumb\"},\"inLanguage\":\"pt-PT\",\"potentialAction\":[{\"@type\":\"ReadAction\",\"target\":[\"https:\/\/www.vitamixportugal.com\/recetas\/\"]}]},{\"@type\":\"BreadcrumbList\",\"@id\":\"https:\/\/www.vitamixportugal.com\/recetas\/#breadcrumb\",\"itemListElement\":[{\"@type\":\"ListItem\",\"position\":1,\"name\":\"In\u00edcio\",\"item\":\"https:\/\/www.vitamixportugal.com\/\"},{\"@type\":\"ListItem\",\"position\":2,\"name\":\"Recetas\",\"item\":\"https:\/\/www.vitamixportugal.com\/recetas\/\"},{\"@type\":\"ListItem\",\"position\":3,\"name\":\"Receitas Vitamix\"}]},{\"@type\":\"WebSite\",\"@id\":\"https:\/\/www.vitamixespana.com\/recetas\/#website\",\"url\":\"https:\/\/www.vitamixespana.com\/recetas\/\",\"name\":\"Recetas Vitamix\",\"description\":\"Recetas realizadas con Vitamix, la mejor batidora.\",\"potentialAction\":[{\"@type\":\"SearchAction\",\"target\":{\"@type\":\"EntryPoint\",\"urlTemplate\":\"https:\/\/www.vitamixespana.com\/recetas\/?s={search_term_string}\"},\"query-input\":{\"@type\":\"PropertyValueSpecification\",\"valueRequired\":true,\"valueName\":\"search_term_string\"}}],\"inLanguage\":\"pt-PT\"}]}<\/script>\n<!-- \/ Yoast SEO plugin. -->","yoast_head_json":{"title":"Receitas Vitamix - Recetas Vitamix","robots":{"index":"index","follow":"follow","max-snippet":"max-snippet:-1","max-image-preview":"max-image-preview:large","max-video-preview":"max-video-preview:-1"},"canonical":"https:\/\/www.vitamixportugal.com\/recetas\/","og_locale":"pt_PT","og_type":"article","og_title":"Receitas Vitamix - Recetas Vitamix","og_description":"Receitas Vitamix Inspira-te com as nossas propostas Ajud\u00e1mos-te a descobrir a infinidade de receitas que podes fazer com tua liquidificadora Vitamix. Vitamix \u00e9 muito mais que um liquidificador: pica, bate, mistura, corta e m\u00f3i.. J\u00e1 n\u00e3o h\u00e1 maneiras para n\u00e3o comer saud\u00e1vel! Todas as receitas Smoothies Sopas e cremes Gelados","og_url":"https:\/\/www.vitamixportugal.com\/recetas\/","og_site_name":"Recetas Vitamix","article_modified_time":"2024-04-02T20:37:19+00:00","twitter_card":"summary_large_image","twitter_misc":{"Tempo estimado de leitura":"3 minutos"},"schema":{"@context":"https:\/\/schema.org","@graph":[{"@type":"WebPage","@id":"https:\/\/www.vitamixportugal.com\/recetas\/","url":"https:\/\/www.vitamixportugal.com\/recetas\/","name":"Receitas Vitamix - Recetas Vitamix","isPartOf":{"@id":"https:\/\/www.vitamixespana.com\/recetas\/#website"},"datePublished":"2022-05-16T08:01:53+00:00","dateModified":"2024-04-02T20:37:19+00:00","breadcrumb":{"@id":"https:\/\/www.vitamixportugal.com\/recetas\/#breadcrumb"},"inLanguage":"pt-PT","potentialAction":[{"@type":"ReadAction","target":["https:\/\/www.vitamixportugal.com\/recetas\/"]}]},{"@type":"BreadcrumbList","@id":"https:\/\/www.vitamixportugal.com\/recetas\/#breadcrumb","itemListElement":[{"@type":"ListItem","position":1,"name":"In\u00edcio","item":"https:\/\/www.vitamixportugal.com\/"},{"@type":"ListItem","position":2,"name":"Recetas","item":"https:\/\/www.vitamixportugal.com\/recetas\/"},{"@type":"ListItem","position":3,"name":"Receitas Vitamix"}]},{"@type":"WebSite","@id":"https:\/\/www.vitamixespana.com\/recetas\/#website","url":"https:\/\/www.vitamixespana.com\/recetas\/","name":"Recetas Vitamix","description":"Recetas realizadas con Vitamix, la mejor batidora.","potentialAction":[{"@type":"SearchAction","target":{"@type":"EntryPoint","urlTemplate":"https:\/\/www.vitamixespana.com\/recetas\/?s={search_term_string}"},"query-input":{"@type":"PropertyValueSpecification","valueRequired":true,"valueName":"search_term_string"}}],"inLanguage":"pt-PT"}]}},"_links":{"self":[{"href":"https:\/\/www.vitamixportugal.com\/recetas\/wp-json\/wp\/v2\/pages\/4552","targetHints":{"allow":["GET"]}}],"collection":[{"href":"https:\/\/www.vitamixportugal.com\/recetas\/wp-json\/wp\/v2\/pages"}],"about":[{"href":"https:\/\/www.vitamixportugal.com\/recetas\/wp-json\/wp\/v2\/types\/page"}],"author":[{"embeddable":true,"href":"https:\/\/www.vitamixportugal.com\/recetas\/wp-json\/wp\/v2\/users\/1"}],"replies":[{"embeddable":true,"href":"https:\/\/www.vitamixportugal.com\/recetas\/wp-json\/wp\/v2\/comments?post=4552"}],"version-history":[{"count":72,"href":"https:\/\/www.vitamixportugal.com\/recetas\/wp-json\/wp\/v2\/pages\/4552\/revisions"}],"predecessor-version":[{"id":6487,"href":"https:\/\/www.vitamixportugal.com\/recetas\/wp-json\/wp\/v2\/pages\/4552\/revisions\/6487"}],"wp:attachment":[{"href":"https:\/\/www.vitamixportugal.com\/recetas\/wp-json\/wp\/v2\/media?parent=4552"}],"curies":[{"name":"wp","href":"https:\/\/api.w.org\/{rel}","templated":true}]}}