{"id":1701,"date":"2016-06-23T09:43:42","date_gmt":"2016-06-23T09:43:42","guid":{"rendered":"https:\/\/www.lamejorbatidora.com\/recetas\/duracion-incomparable\/"},"modified":"2018-11-27T14:43:57","modified_gmt":"2018-11-27T14:43:57","slug":"duracao-incomparavel","status":"publish","type":"page","link":"https:\/\/www.vitamixportugal.com\/recetas\/duracao-incomparavel\/","title":{"rendered":"Dura\u00e7\u00e3o incompar\u00e1vel"},"content":{"rendered":"<div id=\"pl-1701\"  class=\"panel-layout\" ><div id=\"pg-1701-0\"  class=\"panel-grid panel-has-style\" ><div class=\"flexible panel-row-style panel-row-style-for-1701-0\" ><div id=\"pgc-1701-0-0\"  class=\"panel-grid-cell\" ><div id=\"panel-1701-0-0-0\" class=\"so-panel widget widget_siteorigin-panels-builder panel-first-child panel-last-child\" data-index=\"0\" ><div id=\"pl-w5bfd582d6c89b\"  class=\"panel-layout\" ><div id=\"pg-w5bfd582d6c89b-0\"  class=\"panel-grid panel-no-style\" ><div id=\"pgc-w5bfd582d6c89b-0-0\"  class=\"panel-grid-cell\" ><div id=\"panel-w5bfd582d6c89b-0-0-0\" class=\"so-panel widget widget_sow-editor panel-first-child panel-last-child\" data-index=\"0\" ><div\n\t\t\t\n\t\t\tclass=\"so-widget-sow-editor so-widget-sow-editor-base\"\n\t\t\t\n\t\t>\n<div class=\"siteorigin-widget-tinymce textwidget\">\n\t<h1 style=\"text-align: center;\"><span style=\"color: #ffffff;\">DURA\u00c7\u00c3O INCOMPAR\u00c1VEL<\/span><\/h1>\n<p style=\"text-align: center;\"><span style=\"color: #ffffff;\"><strong>Garantia de 7-10 anos em todos os componentes<\/strong><\/span><\/p>\n<p style=\"text-align: center;\"><span style=\"color: #ffffff;\">Adquirir um liquidificador Vitamix sup\u00f5e uma despesa consider\u00e1vel. No entanto, comprar um liquidificador barato pode n\u00e3o ser um investimento muito bom.<br \/> Comprar Vitamix \u00e9 comprar fiabilidade, uma vez que \u00e9 um liquidificador para toda a vida: os liquidificadores Vitamix est\u00e3o concebidos e constru\u00eddos para durar.<\/span><\/p>\n<\/div>\n<\/div><\/div><\/div><\/div><\/div><\/div><\/div><\/div><\/div><div id=\"pg-1701-1\"  class=\"panel-grid panel-no-style\" ><div id=\"pgc-1701-1-0\"  class=\"panel-grid-cell\" ><div id=\"panel-1701-1-0-0\" class=\"so-panel widget widget_siteorigin-panels-builder panel-first-child panel-last-child\" data-index=\"1\" ><div id=\"pl-w5bfd582d6c927\"  class=\"panel-layout\" ><div id=\"pg-w5bfd582d6c927-0\"  class=\"panel-grid panel-has-style\" ><div class=\"container panel-row-style panel-row-style-for-w5bfd582d6c927-0\" ><div id=\"pgc-w5bfd582d6c927-0-0\"  class=\"panel-grid-cell\" ><div id=\"panel-w5bfd582d6c927-0-0-0\" class=\"so-panel widget widget_sow-editor panel-first-child panel-last-child\" data-index=\"0\" ><div\n\t\t\t\n\t\t\tclass=\"so-widget-sow-editor so-widget-sow-editor-base\"\n\t\t\t\n\t\t>\n<div class=\"siteorigin-widget-tinymce textwidget\">\n\t<h2 style=\"text-align: center;\">VAMOS EXAMINAR A VITAMIX\u2026<\/h2>\n<p style=\"text-align: center;\">Na Vitamix, a nossa paix\u00e3o pela comida \u00e9 quase uma obsess\u00e3o. Por isso, prestamos muita aten\u00e7\u00e3o a cada pormenor desde h\u00e1 mais de 90 anos.<\/p>\n<div class=\"feature_product\">\n<div class=\"feature_image\"><img decoding=\"async\" class=\"img-responsive lazyload aligncenter wp-image-1933 size-full\" src=\"https:\/\/www.lamejorbatidora.com\/recetas\/wp-content\/uploads\/2016\/06\/A2500i-roja-2.jpg\" alt=\"\" width=\"400\" height=\"800\" srcset=\"https:\/\/www.vitamixportugal.com\/recetas\/wp-content\/uploads\/2016\/06\/A2500i-roja-2.jpg 400w, https:\/\/www.vitamixportugal.com\/recetas\/wp-content\/uploads\/2016\/06\/A2500i-roja-2-150x300.jpg 150w, https:\/\/www.vitamixportugal.com\/recetas\/wp-content\/uploads\/2016\/06\/A2500i-roja-2-360x720.jpg 360w\" sizes=\"(max-width: 400px) 100vw, 400px\" \/><\/div>\n<div class=\"feature one\" style=\"margin-top: 90px;\"><strong>Tudo organizado<\/strong><br \/>\n<em>Cada \u00e2ngulo do jarro Vitamix est\u00e1 concebido para que seja produzido um redemoinho \u00fanico que sistematicamente faz com que os ingredientes passem pelas l\u00e2minas cada vez mais rapidamente, tornando as misturas mais macias.<\/em><\/div>\n<div class=\"linea\"><\/div>\n<div class=\"feature two\"><strong>L\u00e2minas em a\u00e7o inoxid\u00e1vel endurecido<br \/>\n<\/strong>Concebemos l\u00e2minas t\u00e3o fortes que nem sequer precisam de ser afiadas, por isso a textura das misturas mant\u00e9m a sua qualidade desde o primeiro dia de utiliza\u00e7\u00e3o at\u00e9 ao \u00faltimo.<\/div>\n<div class=\"feature two\"><\/div>\n<div class=\"feature three\"><strong>Refrigera\u00e7\u00e3o do motor<br \/>\n<\/strong><em>O nosso motor mant\u00e9m-se a uma temperatura \u00f3tima inclusive em pleno rendimento para proporcionar a pot\u00eancia necess\u00e1ria no momento de processar os alimentos.<\/em><\/div>\n<div class=\"feature three\"><\/div>\n<div class=\"feature four\"><strong>Sistema de acionamento met\u00e1lico<br \/>\n<\/strong><em>A Vitamix utiliza um sistema de acionamento met\u00e1lico que liga o jarro \u00e0 base. Desta forma, s\u00e3o obtidas melhores misturas e uma vida \u00fatil maior.<\/em><\/div>\n<\/div>\n<\/div>\n<\/div><\/div><\/div><\/div><\/div><\/div><\/div><\/div><\/div><div id=\"pg-1701-2\"  class=\"panel-grid panel-has-style\" ><div class=\"panel-row-style panel-row-style-for-1701-2\" ><div id=\"pgc-1701-2-0\"  class=\"panel-grid-cell\" ><div id=\"panel-1701-2-0-0\" class=\"so-panel widget widget_siteorigin-panels-builder panel-first-child panel-last-child\" data-index=\"2\" ><div id=\"pl-w5bfd582d6c98e\"  class=\"panel-layout\" ><div id=\"pg-w5bfd582d6c98e-0\"  class=\"panel-grid panel-has-style\" ><div class=\"container panel-row-style panel-row-style-for-w5bfd582d6c98e-0\" ><div id=\"pgc-w5bfd582d6c98e-0-0\"  class=\"panel-grid-cell\" ><div id=\"panel-w5bfd582d6c98e-0-0-0\" class=\"so-panel widget widget_sow-editor panel-first-child panel-last-child\" data-index=\"0\" ><div\n\t\t\t\n\t\t\tclass=\"so-widget-sow-editor so-widget-sow-editor-base\"\n\t\t\t\n\t\t>\n<div class=\"siteorigin-widget-tinymce textwidget\">\n\t<p><img decoding=\"async\" class=\"size-full wp-image-1935 alignleft\" src=\"https:\/\/www.lamejorbatidora.com\/recetas\/wp-content\/uploads\/2016\/06\/motor-duradero-Vitamix.jpg\" alt=\"\" width=\"600\" height=\"400\" srcset=\"https:\/\/www.vitamixportugal.com\/recetas\/wp-content\/uploads\/2016\/06\/motor-duradero-Vitamix.jpg 600w, https:\/\/www.vitamixportugal.com\/recetas\/wp-content\/uploads\/2016\/06\/motor-duradero-Vitamix-300x200.jpg 300w, https:\/\/www.vitamixportugal.com\/recetas\/wp-content\/uploads\/2016\/06\/motor-duradero-Vitamix-272x182.jpg 272w\" sizes=\"(max-width: 600px) 100vw, 600px\" \/><\/p>\n<\/div>\n<\/div><\/div><\/div><div id=\"pgc-w5bfd582d6c98e-0-1\"  class=\"panel-grid-cell\" ><div id=\"panel-w5bfd582d6c98e-0-1-0\" class=\"so-panel widget widget_sow-editor panel-first-child panel-last-child\" data-index=\"1\" ><div\n\t\t\t\n\t\t\tclass=\"so-widget-sow-editor so-widget-sow-editor-base\"\n\t\t\t\n\t\t>\n<div class=\"siteorigin-widget-tinymce textwidget\">\n\t<h2 style=\"text-align: left;\">MOTORES DE LONGA DURA\u00c7\u00c3O<\/h2>\n<p style=\"text-align: left;\">A solu\u00e7\u00e3o para um motor durar \u00e9 evitar que sobreaque\u00e7a. Os engenheiros da Vitamix t\u00eam vindo a trabalhar durante d\u00e9cadas para evitar que o motor atinja altas temperaturas e t\u00eam otimizado a circula\u00e7\u00e3o do fluxo de ar \u00e0 volta do motor, ventilando as partes mais necess\u00e1rias. O resultado \u00e9 um motor mais silencioso e fi\u00e1vel que trabalha durante anos com total efic\u00e1cia.<\/p>\n<\/div>\n<\/div><\/div><\/div><\/div><\/div><\/div><\/div><\/div><\/div><\/div><\/div>","protected":false},"excerpt":{"rendered":"<p>DURA\u00c7\u00c3O INCOMPAR\u00c1VEL Garantia de 7-10 anos em todos os componentes Adquirir um liquidificador Vitamix sup\u00f5e uma despesa consider\u00e1vel. No entanto, comprar um liquidificador barato pode n\u00e3o ser um investimento muito bom. Comprar Vitamix \u00e9 comprar fiabilidade, uma vez que \u00e9 um liquidificador para toda a vida: os liquidificadores Vitamix est\u00e3o concebidos e constru\u00eddos para durar. [&hellip;]<\/p>\n","protected":false},"author":1,"featured_media":0,"parent":0,"menu_order":0,"comment_status":"closed","ping_status":"closed","template":"page-fullwidth.php","meta":{"footnotes":""},"class_list":["post-1701","page","type-page","status-publish","hentry"],"yoast_head":"<!-- This site is optimized with the Yoast SEO plugin v26.1 - https:\/\/yoast.com\/wordpress\/plugins\/seo\/ -->\n<title>Vitamix - Duraci\u00f3n y calidad incomparable<\/title>\n<meta name=\"description\" content=\"Comprar Vitamix es comprar fiabilidad, ya que es una batidora para toda la vida: las batidoras Vitamix est\u00e1n dise\u00f1adas y construidas para durar.\" \/>\n<meta name=\"robots\" content=\"index, follow, max-snippet:-1, max-image-preview:large, max-video-preview:-1\" \/>\n<link rel=\"canonical\" href=\"https:\/\/www.vitamixportugal.com\/recetas\/duracao-incomparavel\/\" \/>\n<meta property=\"og:locale\" content=\"pt_PT\" \/>\n<meta property=\"og:type\" content=\"article\" \/>\n<meta property=\"og:title\" content=\"Vitamix - Duraci\u00f3n y calidad incomparable\" \/>\n<meta property=\"og:description\" content=\"Comprar Vitamix es comprar fiabilidad, ya que es una batidora para toda la vida: las batidoras Vitamix est\u00e1n dise\u00f1adas y construidas para durar.\" \/>\n<meta property=\"og:url\" content=\"https:\/\/www.vitamixportugal.com\/recetas\/duracao-incomparavel\/\" \/>\n<meta property=\"og:site_name\" content=\"Recetas Vitamix\" \/>\n<meta property=\"article:modified_time\" content=\"2018-11-27T14:43:57+00:00\" \/>\n<meta property=\"og:image\" content=\"https:\/\/www.vitamixespana.com\/recetas\/wp-content\/uploads\/2016\/06\/A2500i-roja-2.jpg\" \/>\n<meta name=\"twitter:card\" content=\"summary_large_image\" \/>\n<meta name=\"twitter:label1\" content=\"Tempo estimado de leitura\" \/>\n\t<meta name=\"twitter:data1\" content=\"2 minutos\" \/>\n<script type=\"application\/ld+json\" class=\"yoast-schema-graph\">{\"@context\":\"https:\/\/schema.org\",\"@graph\":[{\"@type\":\"WebPage\",\"@id\":\"https:\/\/www.vitamixportugal.com\/recetas\/duracao-incomparavel\/\",\"url\":\"https:\/\/www.vitamixportugal.com\/recetas\/duracao-incomparavel\/\",\"name\":\"Vitamix - Duraci\u00f3n y calidad incomparable\",\"isPartOf\":{\"@id\":\"https:\/\/www.vitamixespana.com\/recetas\/#website\"},\"primaryImageOfPage\":{\"@id\":\"https:\/\/www.vitamixportugal.com\/recetas\/duracao-incomparavel\/#primaryimage\"},\"image\":{\"@id\":\"https:\/\/www.vitamixportugal.com\/recetas\/duracao-incomparavel\/#primaryimage\"},\"thumbnailUrl\":\"https:\/\/www.vitamixespana.com\/recetas\/wp-content\/uploads\/2016\/06\/A2500i-roja-2.jpg\",\"datePublished\":\"2016-06-23T09:43:42+00:00\",\"dateModified\":\"2018-11-27T14:43:57+00:00\",\"description\":\"Comprar Vitamix es comprar fiabilidad, ya que es una batidora para toda la vida: las batidoras Vitamix est\u00e1n dise\u00f1adas y construidas para durar.\",\"breadcrumb\":{\"@id\":\"https:\/\/www.vitamixportugal.com\/recetas\/duracao-incomparavel\/#breadcrumb\"},\"inLanguage\":\"pt-PT\",\"potentialAction\":[{\"@type\":\"ReadAction\",\"target\":[\"https:\/\/www.vitamixportugal.com\/recetas\/duracao-incomparavel\/\"]}]},{\"@type\":\"ImageObject\",\"inLanguage\":\"pt-PT\",\"@id\":\"https:\/\/www.vitamixportugal.com\/recetas\/duracao-incomparavel\/#primaryimage\",\"url\":\"https:\/\/www.vitamixespana.com\/recetas\/wp-content\/uploads\/2016\/06\/A2500i-roja-2.jpg\",\"contentUrl\":\"https:\/\/www.vitamixespana.com\/recetas\/wp-content\/uploads\/2016\/06\/A2500i-roja-2.jpg\"},{\"@type\":\"BreadcrumbList\",\"@id\":\"https:\/\/www.vitamixportugal.com\/recetas\/duracao-incomparavel\/#breadcrumb\",\"itemListElement\":[{\"@type\":\"ListItem\",\"position\":1,\"name\":\"In\u00edcio\",\"item\":\"https:\/\/www.vitamixportugal.com\/\"},{\"@type\":\"ListItem\",\"position\":2,\"name\":\"Recetas\",\"item\":\"https:\/\/www.vitamixportugal.com\/recetas\/\"},{\"@type\":\"ListItem\",\"position\":3,\"name\":\"Dura\u00e7\u00e3o incompar\u00e1vel\"}]},{\"@type\":\"WebSite\",\"@id\":\"https:\/\/www.vitamixespana.com\/recetas\/#website\",\"url\":\"https:\/\/www.vitamixespana.com\/recetas\/\",\"name\":\"Recetas Vitamix\",\"description\":\"Recetas realizadas con Vitamix, la mejor batidora.\",\"potentialAction\":[{\"@type\":\"SearchAction\",\"target\":{\"@type\":\"EntryPoint\",\"urlTemplate\":\"https:\/\/www.vitamixespana.com\/recetas\/?s={search_term_string}\"},\"query-input\":{\"@type\":\"PropertyValueSpecification\",\"valueRequired\":true,\"valueName\":\"search_term_string\"}}],\"inLanguage\":\"pt-PT\"}]}<\/script>\n<!-- \/ Yoast SEO plugin. -->","yoast_head_json":{"title":"Vitamix - Duraci\u00f3n y calidad incomparable","description":"Comprar Vitamix es comprar fiabilidad, ya que es una batidora para toda la vida: las batidoras Vitamix est\u00e1n dise\u00f1adas y construidas para durar.","robots":{"index":"index","follow":"follow","max-snippet":"max-snippet:-1","max-image-preview":"max-image-preview:large","max-video-preview":"max-video-preview:-1"},"canonical":"https:\/\/www.vitamixportugal.com\/recetas\/duracao-incomparavel\/","og_locale":"pt_PT","og_type":"article","og_title":"Vitamix - Duraci\u00f3n y calidad incomparable","og_description":"Comprar Vitamix es comprar fiabilidad, ya que es una batidora para toda la vida: las batidoras Vitamix est\u00e1n dise\u00f1adas y construidas para durar.","og_url":"https:\/\/www.vitamixportugal.com\/recetas\/duracao-incomparavel\/","og_site_name":"Recetas Vitamix","article_modified_time":"2018-11-27T14:43:57+00:00","og_image":[{"url":"https:\/\/www.vitamixespana.com\/recetas\/wp-content\/uploads\/2016\/06\/A2500i-roja-2.jpg","type":"","width":"","height":""}],"twitter_card":"summary_large_image","twitter_misc":{"Tempo estimado de leitura":"2 minutos"},"schema":{"@context":"https:\/\/schema.org","@graph":[{"@type":"WebPage","@id":"https:\/\/www.vitamixportugal.com\/recetas\/duracao-incomparavel\/","url":"https:\/\/www.vitamixportugal.com\/recetas\/duracao-incomparavel\/","name":"Vitamix - Duraci\u00f3n y calidad incomparable","isPartOf":{"@id":"https:\/\/www.vitamixespana.com\/recetas\/#website"},"primaryImageOfPage":{"@id":"https:\/\/www.vitamixportugal.com\/recetas\/duracao-incomparavel\/#primaryimage"},"image":{"@id":"https:\/\/www.vitamixportugal.com\/recetas\/duracao-incomparavel\/#primaryimage"},"thumbnailUrl":"https:\/\/www.vitamixespana.com\/recetas\/wp-content\/uploads\/2016\/06\/A2500i-roja-2.jpg","datePublished":"2016-06-23T09:43:42+00:00","dateModified":"2018-11-27T14:43:57+00:00","description":"Comprar Vitamix es comprar fiabilidad, ya que es una batidora para toda la vida: las batidoras Vitamix est\u00e1n dise\u00f1adas y construidas para durar.","breadcrumb":{"@id":"https:\/\/www.vitamixportugal.com\/recetas\/duracao-incomparavel\/#breadcrumb"},"inLanguage":"pt-PT","potentialAction":[{"@type":"ReadAction","target":["https:\/\/www.vitamixportugal.com\/recetas\/duracao-incomparavel\/"]}]},{"@type":"ImageObject","inLanguage":"pt-PT","@id":"https:\/\/www.vitamixportugal.com\/recetas\/duracao-incomparavel\/#primaryimage","url":"https:\/\/www.vitamixespana.com\/recetas\/wp-content\/uploads\/2016\/06\/A2500i-roja-2.jpg","contentUrl":"https:\/\/www.vitamixespana.com\/recetas\/wp-content\/uploads\/2016\/06\/A2500i-roja-2.jpg"},{"@type":"BreadcrumbList","@id":"https:\/\/www.vitamixportugal.com\/recetas\/duracao-incomparavel\/#breadcrumb","itemListElement":[{"@type":"ListItem","position":1,"name":"In\u00edcio","item":"https:\/\/www.vitamixportugal.com\/"},{"@type":"ListItem","position":2,"name":"Recetas","item":"https:\/\/www.vitamixportugal.com\/recetas\/"},{"@type":"ListItem","position":3,"name":"Dura\u00e7\u00e3o incompar\u00e1vel"}]},{"@type":"WebSite","@id":"https:\/\/www.vitamixespana.com\/recetas\/#website","url":"https:\/\/www.vitamixespana.com\/recetas\/","name":"Recetas Vitamix","description":"Recetas realizadas con Vitamix, la mejor batidora.","potentialAction":[{"@type":"SearchAction","target":{"@type":"EntryPoint","urlTemplate":"https:\/\/www.vitamixespana.com\/recetas\/?s={search_term_string}"},"query-input":{"@type":"PropertyValueSpecification","valueRequired":true,"valueName":"search_term_string"}}],"inLanguage":"pt-PT"}]}},"_links":{"self":[{"href":"https:\/\/www.vitamixportugal.com\/recetas\/wp-json\/wp\/v2\/pages\/1701","targetHints":{"allow":["GET"]}}],"collection":[{"href":"https:\/\/www.vitamixportugal.com\/recetas\/wp-json\/wp\/v2\/pages"}],"about":[{"href":"https:\/\/www.vitamixportugal.com\/recetas\/wp-json\/wp\/v2\/types\/page"}],"author":[{"embeddable":true,"href":"https:\/\/www.vitamixportugal.com\/recetas\/wp-json\/wp\/v2\/users\/1"}],"replies":[{"embeddable":true,"href":"https:\/\/www.vitamixportugal.com\/recetas\/wp-json\/wp\/v2\/comments?post=1701"}],"version-history":[{"count":6,"href":"https:\/\/www.vitamixportugal.com\/recetas\/wp-json\/wp\/v2\/pages\/1701\/revisions"}],"predecessor-version":[{"id":2156,"href":"https:\/\/www.vitamixportugal.com\/recetas\/wp-json\/wp\/v2\/pages\/1701\/revisions\/2156"}],"wp:attachment":[{"href":"https:\/\/www.vitamixportugal.com\/recetas\/wp-json\/wp\/v2\/media?parent=1701"}],"curies":[{"name":"wp","href":"https:\/\/api.w.org\/{rel}","templated":true}]}}