{"id":1696,"date":"2016-06-23T09:44:20","date_gmt":"2016-06-23T09:44:20","guid":{"rendered":"https:\/\/www.lamejorbatidora.com\/recetas\/comparando-modelos-vitamix\/"},"modified":"2020-04-30T09:24:33","modified_gmt":"2020-04-30T09:24:33","slug":"que-modelo-vitamix-escolho","status":"publish","type":"page","link":"https:\/\/www.vitamixportugal.com\/recetas\/que-modelo-vitamix-escolho\/","title":{"rendered":"Que modelo Vitamix escolho?"},"content":{"rendered":"<div style=\"width: 100%; max-width: 1170px; margin: auto; padding-top: 20px !important;\">\n<h1 style=\"text-align: center;\">Que modelo Vitamix escolho?<\/h1>\n<div class=\"table-responsive\">\n<table class=\"table-responsive comparativa\">\n<thead>\n<tr class=\"separa_table\">\n<th scope=\"row\"><\/th>\n<th scope=\"col\" width=\"12%\"><a href=\"https:\/\/www.vitamixespana.com\/319-vitamix-a2300i\"><br \/>\n<\/a><a href=\"https:\/\/www.vitamixportugal.com\/vitamix-explorian\/1369-vitamix-explorian-e310.html\"><img decoding=\"async\" class=\"aligncenter wp-image-3434\" src=\"https:\/\/www.vitamixespana.com\/recetas\/wp-content\/uploads\/2016\/06\/E310.jpg\" alt=\"\" width=\"118\" height=\"230\" \/><\/a>VITAMIX<br \/>\nE310<\/th>\n<th scope=\"col\" width=\"12%\"><a href=\"https:\/\/www.vitamixespana.com\/319-vitamix-a2300i\"><br \/>\n<\/a><a href=\"https:\/\/www.vitamixportugal.com\/vitamix-serie-ascent\/1357-batidora-vitamix-ascent-2300i-negra.html\"><img decoding=\"async\" class=\"alignright wp-image-1681\" src=\"https:\/\/www.vitamixespana.com\/recetas\/wp-content\/uploads\/2016\/06\/A2500.jpg\" alt=\"\" width=\"112\" height=\"214\" \/><\/a>VITAMIX ASCENT 2300i<\/th>\n<th scope=\"col\" width=\"12%\"><a href=\"https:\/\/www.vitamixespana.com\/316-vitamix-serie-ascent\"><br \/>\n<\/a><a href=\"https:\/\/www.vitamixportugal.com\/vitamix-serie-ascent\/1355-vitamix-ascent-2500i-pizarra.html\"><img decoding=\"async\" class=\"alignnone wp-image-1277\" src=\"https:\/\/www.vitamixespana.com\/recetas\/wp-content\/uploads\/2016\/06\/vitamix-ascent-2500i.jpg\" alt=\"\" width=\"128\" height=\"244\" \/><\/a>VITAMIX ASCENT 2500i<\/th>\n<th scope=\"col\" width=\"12%\"><a href=\"https:\/\/www.vitamixespana.com\/316-vitamix-serie-ascent\"><br \/>\n<\/a><a href=\"https:\/\/www.vitamixportugal.com\/vitamix-serie-ascent\/1352-vitamix-ascent-3500i.html\"><img decoding=\"async\" class=\"alignnone wp-image-1276\" src=\"https:\/\/www.vitamixespana.com\/recetas\/wp-content\/uploads\/2016\/06\/batidora-vitamix-ascent-3500i.jpg\" alt=\"\" width=\"131\" height=\"250\" \/><\/a>VITAMIX ASCENT 3500i<\/th>\n<\/tr>\n<\/thead>\n<tbody>\n<tr>\n<th scope=\"row\"><strong>Motor de alto rendimento<\/strong><\/th>\n<td width=\"12%\">\n<p class=\"\" style=\"text-align: center;\">2 CV<\/p>\n<\/td>\n<td width=\"12%\">\n<p class=\"\" style=\"text-align: center;\">2,2 CV<\/p>\n<\/td>\n<td width=\"12%\">\n<p class=\"\" style=\"text-align: center;\">2,2 CV<\/p>\n<\/td>\n<td width=\"12%\">\n<p class=\"\" style=\"text-align: center;\">2,2 CV<\/p>\n<\/td>\n<\/tr>\n<tr class=\"\">\n<th scope=\"row\"><strong>Seletor de velocidades vari\u00e1veis<\/strong><\/th>\n<td width=\"12%\">\n<p class=\"ok\">incluido<\/p>\n<\/td>\n<td width=\"12%\">\n<p class=\"ok\">incluido<\/p>\n<\/td>\n<td width=\"12%\">\n<p class=\"ok\">incluido<\/p>\n<\/td>\n<td width=\"12%\">\n<p class=\"ok\">incluido<\/p>\n<\/td>\n<\/tr>\n<tr>\n<th scope=\"row\"><strong>Bot\u00e3o de press\u00e3o<\/strong><\/th>\n<td width=\"12%\">\n<p class=\"ok\">incluido<\/p>\n<\/td>\n<td width=\"12%\">\n<p class=\"ok\">incluido<\/p>\n<\/td>\n<td width=\"12%\">\n<p class=\"ok\">incluido<\/p>\n<\/td>\n<td width=\"12%\">\n<p class=\"ok\">incluido<\/p>\n<\/td>\n<\/tr>\n<tr class=\"\">\n<th scope=\"row\"><strong>Programas autom\u00e1ticos<\/strong><\/th>\n<td width=\"12%\"><\/td>\n<td width=\"12%\"><\/td>\n<td width=\"12%\">\n<p class=\"\">Batidos<br \/>\nGelados<br \/>\nSopas quentes<\/p>\n<\/td>\n<td width=\"12%\">\n<p class=\"\">Batidos<br \/>\nGelados<br \/>\nSopas quentes<br \/>\nPur\u00e9s<br \/>\nLimpeza<\/p>\n<p>&nbsp;<\/td>\n<\/tr>\n<tr class=\"\">\n<th scope=\"row\"><strong>Temporizador<\/strong><\/th>\n<td width=\"12%\">No<\/td>\n<td width=\"12%\">Digital<\/td>\n<td width=\"12%\">Digital<\/td>\n<td width=\"12%\">Program\u00e1vel<\/td>\n<\/tr>\n<tr class=\"\">\n<th scope=\"row\"><strong>Capacidade do jarro<br \/>\n<\/strong><\/th>\n<td width=\"12%\">\n<p class=\"\">1,4 litros<\/p>\n<\/td>\n<td width=\"12%\">\n<p class=\"\">2 litros<\/p>\n<\/td>\n<td width=\"12%\">\n<p class=\"\">2 litros<\/p>\n<\/td>\n<td class=\"\" width=\"12%\">\n<p class=\"\">2 litros<\/p>\n<\/td>\n<\/tr>\n<tr class=\"\">\n<th scope=\"row\">Tampa transparente<\/th>\n<td width=\"12%\"><\/td>\n<td width=\"12%\">\n<p class=\"ok\">incluido<\/p>\n<\/td>\n<td width=\"12%\">\n<p class=\"ok\">incluido<\/p>\n<\/td>\n<td width=\"12%\">\n<p class=\"ok\">incluido<\/p>\n<\/td>\n<\/tr>\n<tr class=\"\">\n<th scope=\"row\">Sistema de seguran\u00e7a INTERLOCK<\/th>\n<td width=\"12%\"><\/td>\n<td width=\"12%\">\n<p class=\"ok\">incluido<\/p>\n<\/td>\n<td width=\"12%\">\n<p class=\"ok\">incluido<\/p>\n<\/td>\n<td width=\"12%\">\n<p class=\"ok\">incluido<\/p>\n<\/td>\n<\/tr>\n<tr class=\"\">\n<th scope=\"row\">Tecnologia SELF-DETECT<\/th>\n<td width=\"12%\"><\/td>\n<td width=\"12%\">\n<p class=\"ok\">incluido<\/p>\n<\/td>\n<td width=\"12%\">\n<p class=\"ok\">incluido<\/p>\n<\/td>\n<td width=\"12%\">\n<p class=\"ok\">incluido<\/p>\n<\/td>\n<\/tr>\n<tr class=\"\">\n<th scope=\"row\">Compatibilidade com copos de 225ml &amp; 600ml<\/th>\n<td class=\"\" width=\"12%\"><\/td>\n<td class=\"\" width=\"12%\">\n<p class=\"ok\">incluido<\/p>\n<\/td>\n<td class=\"\" width=\"12%\">\n<p class=\"ok\">incluido<\/p>\n<\/td>\n<td class=\"\" width=\"12%\">\n<p class=\"ok\">incluido<\/p>\n<\/td>\n<\/tr>\n<tr class=\"separa_table\">\n<th scope=\"row\">Garantia<\/th>\n<td class=\"\" width=\"12%\">5 anos<\/td>\n<td class=\"\" width=\"12%\">10 anos<\/td>\n<td class=\"\" width=\"12%\">10 anos<\/td>\n<td class=\"\" width=\"12%\">10 anos<\/td>\n<\/tr>\n<tr class=\"\">\n<th scope=\"row\"><strong>Dispon\u00edvel em v\u00e1rias cores<\/strong><\/th>\n<td width=\"12%\">\n<p class=\"\">Preto<\/p>\n<\/td>\n<td width=\"12%\">\n<p class=\"\">Preto, vermelho, branco e cinzento<\/p>\n<\/td>\n<td width=\"12%\">\n<p class=\"\">Preto, vermelho, branco e cinzento<\/p>\n<\/td>\n<td width=\"12%\">\n<p class=\"\">A\u00e7o inoxid\u00e1vel<\/p>\n<\/td>\n<\/tr>\n<tr class=\"separa_table\">\n<th scope=\"row\"><strong>Medidas<\/strong><\/th>\n<td width=\"12%\">\n<p class=\"\">46 x 20 x 28 cm<\/p>\n<\/td>\n<td width=\"12%\">\n<p class=\"\">43 x 20 x 28 cm<\/p>\n<\/td>\n<td width=\"12%\">\n<p class=\"\">43 x 20 x 28 cm<\/p>\n<\/td>\n<td width=\"12%\">\n<p class=\"\">43 x 20 x 28 cm<\/p>\n<\/td>\n<\/tr>\n<tr>\n<th scope=\"row\"><span class=\"invisible\">Serie<\/span><\/th>\n<td width=\"12%\"><a href=\"https:\/\/www.vitamixportugal.com\/vitamix-explorian\/1369-vitamix-explorian-e310.html\">Comprar<br \/>\nE310<\/a><\/td>\n<td width=\"12%\"><a href=\"https:\/\/www.vitamixportugal.com\/vitamix-serie-ascent\/1357-batidora-vitamix-ascent-2300i-negra.html\">Comprar<br \/>\nASCENT 2300i<\/a><\/td>\n<td width=\"12%\"><a href=\"https:\/\/www.vitamixportugal.com\/vitamix-serie-ascent\/1354-vitamix-ascent-2500i-rojo.html\">Comprar<br \/>\nASCENT 2500i<\/a><\/td>\n<td width=\"12%\"><a href=\"https:\/\/www.vitamixportugal.com\/vitamix-serie-ascent\/1352-vitamix-ascent-3500i.html\">Comprar<br \/>\nASCENT 3500i<\/a><\/td>\n<\/tr>\n<\/tbody>\n<\/table>\n<\/div>\n<\/div>\n","protected":false},"excerpt":{"rendered":"<p>Que modelo Vitamix escolho? VITAMIX E310 VITAMIX ASCENT 2300i VITAMIX ASCENT 2500i VITAMIX ASCENT 3500i Motor de alto rendimento 2 CV 2,2 CV 2,2 CV 2,2 CV Seletor de velocidades vari\u00e1veis incluido incluido incluido incluido Bot\u00e3o de press\u00e3o incluido incluido incluido incluido Programas autom\u00e1ticos Batidos Gelados Sopas quentes Batidos Gelados Sopas quentes Pur\u00e9s Limpeza &nbsp; [&hellip;]<\/p>\n","protected":false},"author":1,"featured_media":0,"parent":0,"menu_order":0,"comment_status":"closed","ping_status":"closed","template":"page-fullwidth.php","meta":{"footnotes":""},"class_list":["post-1696","page","type-page","status-publish","hentry"],"yoast_head":"<!-- This site is optimized with the Yoast SEO plugin v26.1 - https:\/\/yoast.com\/wordpress\/plugins\/seo\/ -->\n<title>\u00bfQu\u00e9 modelo de Vitamix elijo? - Comparativa Batidoras Vitamix<\/title>\n<meta name=\"description\" content=\"Hay un modelo de Vitamix para cada necesidad. Tabla comparativa con todas las caracter\u00edsticas de las batidoras de alta potencia Vitamix.\" \/>\n<meta name=\"robots\" content=\"index, follow, max-snippet:-1, max-image-preview:large, max-video-preview:-1\" \/>\n<link rel=\"canonical\" href=\"https:\/\/www.vitamixportugal.com\/recetas\/que-modelo-vitamix-escolho\/\" \/>\n<meta property=\"og:locale\" content=\"pt_PT\" \/>\n<meta property=\"og:type\" content=\"article\" \/>\n<meta property=\"og:title\" content=\"\u00bfQu\u00e9 modelo de Vitamix elijo? - Comparativa Batidoras Vitamix\" \/>\n<meta property=\"og:description\" content=\"Hay un modelo de Vitamix para cada necesidad. Tabla comparativa con todas las caracter\u00edsticas de las batidoras de alta potencia Vitamix.\" \/>\n<meta property=\"og:url\" content=\"https:\/\/www.vitamixportugal.com\/recetas\/que-modelo-vitamix-escolho\/\" \/>\n<meta property=\"og:site_name\" content=\"Recetas Vitamix\" \/>\n<meta property=\"article:modified_time\" content=\"2020-04-30T09:24:33+00:00\" \/>\n<meta property=\"og:image\" content=\"https:\/\/www.vitamixespana.com\/recetas\/wp-content\/uploads\/2016\/06\/E310.jpg\" \/>\n<meta name=\"twitter:card\" content=\"summary_large_image\" \/>\n<meta name=\"twitter:label1\" content=\"Tempo estimado de leitura\" \/>\n\t<meta name=\"twitter:data1\" content=\"1 minuto\" \/>\n<script type=\"application\/ld+json\" class=\"yoast-schema-graph\">{\"@context\":\"https:\/\/schema.org\",\"@graph\":[{\"@type\":\"WebPage\",\"@id\":\"https:\/\/www.vitamixportugal.com\/recetas\/que-modelo-vitamix-escolho\/\",\"url\":\"https:\/\/www.vitamixportugal.com\/recetas\/que-modelo-vitamix-escolho\/\",\"name\":\"\u00bfQu\u00e9 modelo de Vitamix elijo? - Comparativa Batidoras Vitamix\",\"isPartOf\":{\"@id\":\"https:\/\/www.vitamixportugal.com\/recetas\/#website\"},\"primaryImageOfPage\":{\"@id\":\"https:\/\/www.vitamixportugal.com\/recetas\/que-modelo-vitamix-escolho\/#primaryimage\"},\"image\":{\"@id\":\"https:\/\/www.vitamixportugal.com\/recetas\/que-modelo-vitamix-escolho\/#primaryimage\"},\"thumbnailUrl\":\"https:\/\/www.vitamixespana.com\/recetas\/wp-content\/uploads\/2016\/06\/E310.jpg\",\"datePublished\":\"2016-06-23T09:44:20+00:00\",\"dateModified\":\"2020-04-30T09:24:33+00:00\",\"description\":\"Hay un modelo de Vitamix para cada necesidad. Tabla comparativa con todas las caracter\u00edsticas de las batidoras de alta potencia Vitamix.\",\"breadcrumb\":{\"@id\":\"https:\/\/www.vitamixportugal.com\/recetas\/que-modelo-vitamix-escolho\/#breadcrumb\"},\"inLanguage\":\"pt-PT\",\"potentialAction\":[{\"@type\":\"ReadAction\",\"target\":[\"https:\/\/www.vitamixportugal.com\/recetas\/que-modelo-vitamix-escolho\/\"]}]},{\"@type\":\"ImageObject\",\"inLanguage\":\"pt-PT\",\"@id\":\"https:\/\/www.vitamixportugal.com\/recetas\/que-modelo-vitamix-escolho\/#primaryimage\",\"url\":\"https:\/\/www.vitamixespana.com\/recetas\/wp-content\/uploads\/2016\/06\/E310.jpg\",\"contentUrl\":\"https:\/\/www.vitamixespana.com\/recetas\/wp-content\/uploads\/2016\/06\/E310.jpg\"},{\"@type\":\"BreadcrumbList\",\"@id\":\"https:\/\/www.vitamixportugal.com\/recetas\/que-modelo-vitamix-escolho\/#breadcrumb\",\"itemListElement\":[{\"@type\":\"ListItem\",\"position\":1,\"name\":\"In\u00edcio\",\"item\":\"https:\/\/www.vitamixportugal.com\/\"},{\"@type\":\"ListItem\",\"position\":2,\"name\":\"Recetas\",\"item\":\"https:\/\/www.vitamixportugal.com\/recetas\/\"},{\"@type\":\"ListItem\",\"position\":3,\"name\":\"Que modelo Vitamix escolho?\"}]},{\"@type\":\"WebSite\",\"@id\":\"https:\/\/www.vitamixportugal.com\/recetas\/#website\",\"url\":\"https:\/\/www.vitamixportugal.com\/recetas\/\",\"name\":\"Recetas Vitamix\",\"description\":\"Recetas realizadas con Vitamix, la mejor batidora.\",\"potentialAction\":[{\"@type\":\"SearchAction\",\"target\":{\"@type\":\"EntryPoint\",\"urlTemplate\":\"https:\/\/www.vitamixportugal.com\/recetas\/?s={search_term_string}\"},\"query-input\":{\"@type\":\"PropertyValueSpecification\",\"valueRequired\":true,\"valueName\":\"search_term_string\"}}],\"inLanguage\":\"pt-PT\"}]}<\/script>\n<!-- \/ Yoast SEO plugin. -->","yoast_head_json":{"title":"\u00bfQu\u00e9 modelo de Vitamix elijo? - Comparativa Batidoras Vitamix","description":"Hay un modelo de Vitamix para cada necesidad. Tabla comparativa con todas las caracter\u00edsticas de las batidoras de alta potencia Vitamix.","robots":{"index":"index","follow":"follow","max-snippet":"max-snippet:-1","max-image-preview":"max-image-preview:large","max-video-preview":"max-video-preview:-1"},"canonical":"https:\/\/www.vitamixportugal.com\/recetas\/que-modelo-vitamix-escolho\/","og_locale":"pt_PT","og_type":"article","og_title":"\u00bfQu\u00e9 modelo de Vitamix elijo? - Comparativa Batidoras Vitamix","og_description":"Hay un modelo de Vitamix para cada necesidad. Tabla comparativa con todas las caracter\u00edsticas de las batidoras de alta potencia Vitamix.","og_url":"https:\/\/www.vitamixportugal.com\/recetas\/que-modelo-vitamix-escolho\/","og_site_name":"Recetas Vitamix","article_modified_time":"2020-04-30T09:24:33+00:00","og_image":[{"url":"https:\/\/www.vitamixespana.com\/recetas\/wp-content\/uploads\/2016\/06\/E310.jpg","type":"","width":"","height":""}],"twitter_card":"summary_large_image","twitter_misc":{"Tempo estimado de leitura":"1 minuto"},"schema":{"@context":"https:\/\/schema.org","@graph":[{"@type":"WebPage","@id":"https:\/\/www.vitamixportugal.com\/recetas\/que-modelo-vitamix-escolho\/","url":"https:\/\/www.vitamixportugal.com\/recetas\/que-modelo-vitamix-escolho\/","name":"\u00bfQu\u00e9 modelo de Vitamix elijo? - Comparativa Batidoras Vitamix","isPartOf":{"@id":"https:\/\/www.vitamixportugal.com\/recetas\/#website"},"primaryImageOfPage":{"@id":"https:\/\/www.vitamixportugal.com\/recetas\/que-modelo-vitamix-escolho\/#primaryimage"},"image":{"@id":"https:\/\/www.vitamixportugal.com\/recetas\/que-modelo-vitamix-escolho\/#primaryimage"},"thumbnailUrl":"https:\/\/www.vitamixespana.com\/recetas\/wp-content\/uploads\/2016\/06\/E310.jpg","datePublished":"2016-06-23T09:44:20+00:00","dateModified":"2020-04-30T09:24:33+00:00","description":"Hay un modelo de Vitamix para cada necesidad. Tabla comparativa con todas las caracter\u00edsticas de las batidoras de alta potencia Vitamix.","breadcrumb":{"@id":"https:\/\/www.vitamixportugal.com\/recetas\/que-modelo-vitamix-escolho\/#breadcrumb"},"inLanguage":"pt-PT","potentialAction":[{"@type":"ReadAction","target":["https:\/\/www.vitamixportugal.com\/recetas\/que-modelo-vitamix-escolho\/"]}]},{"@type":"ImageObject","inLanguage":"pt-PT","@id":"https:\/\/www.vitamixportugal.com\/recetas\/que-modelo-vitamix-escolho\/#primaryimage","url":"https:\/\/www.vitamixespana.com\/recetas\/wp-content\/uploads\/2016\/06\/E310.jpg","contentUrl":"https:\/\/www.vitamixespana.com\/recetas\/wp-content\/uploads\/2016\/06\/E310.jpg"},{"@type":"BreadcrumbList","@id":"https:\/\/www.vitamixportugal.com\/recetas\/que-modelo-vitamix-escolho\/#breadcrumb","itemListElement":[{"@type":"ListItem","position":1,"name":"In\u00edcio","item":"https:\/\/www.vitamixportugal.com\/"},{"@type":"ListItem","position":2,"name":"Recetas","item":"https:\/\/www.vitamixportugal.com\/recetas\/"},{"@type":"ListItem","position":3,"name":"Que modelo Vitamix escolho?"}]},{"@type":"WebSite","@id":"https:\/\/www.vitamixportugal.com\/recetas\/#website","url":"https:\/\/www.vitamixportugal.com\/recetas\/","name":"Recetas Vitamix","description":"Recetas realizadas con Vitamix, la mejor batidora.","potentialAction":[{"@type":"SearchAction","target":{"@type":"EntryPoint","urlTemplate":"https:\/\/www.vitamixportugal.com\/recetas\/?s={search_term_string}"},"query-input":{"@type":"PropertyValueSpecification","valueRequired":true,"valueName":"search_term_string"}}],"inLanguage":"pt-PT"}]}},"_links":{"self":[{"href":"https:\/\/www.vitamixportugal.com\/recetas\/wp-json\/wp\/v2\/pages\/1696","targetHints":{"allow":["GET"]}}],"collection":[{"href":"https:\/\/www.vitamixportugal.com\/recetas\/wp-json\/wp\/v2\/pages"}],"about":[{"href":"https:\/\/www.vitamixportugal.com\/recetas\/wp-json\/wp\/v2\/types\/page"}],"author":[{"embeddable":true,"href":"https:\/\/www.vitamixportugal.com\/recetas\/wp-json\/wp\/v2\/users\/1"}],"replies":[{"embeddable":true,"href":"https:\/\/www.vitamixportugal.com\/recetas\/wp-json\/wp\/v2\/comments?post=1696"}],"version-history":[{"count":20,"href":"https:\/\/www.vitamixportugal.com\/recetas\/wp-json\/wp\/v2\/pages\/1696\/revisions"}],"predecessor-version":[{"id":3459,"href":"https:\/\/www.vitamixportugal.com\/recetas\/wp-json\/wp\/v2\/pages\/1696\/revisions\/3459"}],"wp:attachment":[{"href":"https:\/\/www.vitamixportugal.com\/recetas\/wp-json\/wp\/v2\/media?parent=1696"}],"curies":[{"name":"wp","href":"https:\/\/api.w.org\/{rel}","templated":true}]}}