{"id":1690,"date":"2016-06-23T09:43:11","date_gmt":"2016-06-23T09:43:11","guid":{"rendered":"https:\/\/www.lamejorbatidora.com\/recetas\/la-batidora-mas-potente\/"},"modified":"2019-06-28T13:59:26","modified_gmt":"2019-06-28T13:59:26","slug":"o-liquidificador-de-copo-mais-potente","status":"publish","type":"page","link":"https:\/\/www.vitamixportugal.com\/recetas\/o-liquidificador-de-copo-mais-potente\/","title":{"rendered":"O liquidificador de copo mais potente"},"content":{"rendered":"<div id=\"pl-1690\"  class=\"panel-layout\" ><div id=\"pg-1690-0\"  class=\"panel-grid panel-has-style\" ><div class=\"flexible panel-row-style panel-row-style-for-1690-0\" ><div id=\"pgc-1690-0-0\"  class=\"panel-grid-cell\" ><div id=\"panel-1690-0-0-0\" class=\"so-panel widget widget_siteorigin-panels-builder panel-first-child panel-last-child\" data-index=\"0\" ><div id=\"pl-w5b90fd56d13ba\"  class=\"panel-layout\" ><div id=\"pg-w5b90fd56d13ba-0\"  class=\"panel-grid panel-has-style\" ><div class=\"container img_destacada panel-row-style panel-row-style-for-w5b90fd56d13ba-0\" ><div id=\"pgc-w5b90fd56d13ba-0-0\"  class=\"panel-grid-cell\" ><div id=\"panel-w5b90fd56d13ba-0-0-0\" class=\"so-panel widget widget_sow-editor panel-first-child panel-last-child\" data-index=\"0\" ><div\n\t\t\t\n\t\t\tclass=\"so-widget-sow-editor so-widget-sow-editor-base\"\n\t\t\t\n\t\t>\n<div class=\"siteorigin-widget-tinymce textwidget\">\n\t<h1 style=\"text-align: center;\"><span style=\"color: #ffffff;\">O LIQUIDIFICADOR DE COPO MAIS POTENTE<\/span><\/h1>\n<p style=\"text-align: center;\"><span style=\"color: #ffffff;\"><strong>Emprega toda a sua pot\u00eancia para real\u00e7ar os sabores<\/strong><\/span><\/p>\n<p style=\"text-align: center;\"><span style=\"color: #ffffff;\">A alta pot\u00eancia dos liquidificadores Vitamix permite uma perfeita tritura\u00e7\u00e3o dos alimentos e, ao mesmo tempo, mistura e liga os sabores, criando, assim, saborosas combina\u00e7\u00f5es. Para o consumidor, \u00e9 essencial que um liquidificador possa transformar uma s\u00e9rie de ingredientes saud\u00e1veis numa comida saborosa, uma vez que o sentido do gosto tamb\u00e9m \u00e9 importante quando se trata de manter um estilo de vida saud\u00e1vel.<\/span><\/p>\n<\/div>\n<\/div><\/div><\/div><\/div><\/div><\/div><\/div><\/div><\/div><\/div><div id=\"pg-1690-1\"  class=\"panel-grid panel-no-style\" ><div id=\"pgc-1690-1-0\"  class=\"panel-grid-cell\" ><div id=\"panel-1690-1-0-0\" class=\"so-panel widget widget_siteorigin-panels-builder panel-first-child panel-last-child\" data-index=\"1\" ><div id=\"pl-w5b90fdb7732b4\"  class=\"panel-layout\" ><div id=\"pg-w5b90fdb7732b4-0\"  class=\"panel-grid panel-has-style\" ><div class=\"container panel-row-style panel-row-style-for-w5b90fdb7732b4-0\" ><div id=\"pgc-w5b90fdb7732b4-0-0\"  class=\"panel-grid-cell\" ><div id=\"panel-w5b90fdb7732b4-0-0-0\" class=\"so-panel widget widget_sow-image panel-first-child panel-last-child\" data-index=\"0\" ><div\n\t\t\t\n\t\t\tclass=\"so-widget-sow-image so-widget-sow-image-default-e4c2d9f6c920\"\n\t\t\t\n\t\t>\n<div class=\"sow-image-container\">\n\t\t<img \n\tsrc=\"https:\/\/www.vitamixportugal.com\/recetas\/wp-content\/uploads\/2016\/06\/Why-Vitamix-Image-600x392-Trained-Power.jpg\" width=\"600\" height=\"392\" srcset=\"https:\/\/www.vitamixportugal.com\/recetas\/wp-content\/uploads\/2016\/06\/Why-Vitamix-Image-600x392-Trained-Power.jpg 600w, https:\/\/www.vitamixportugal.com\/recetas\/wp-content\/uploads\/2016\/06\/Why-Vitamix-Image-600x392-Trained-Power-300x196.jpg 300w\" sizes=\"(max-width: 600px) 100vw, 600px\" title=\"Why-Vitamix-Image-600&#215;392-Trained-Power\" alt=\"\" \t\tclass=\"so-widget-image\"\/>\n\t<\/div>\n\n<\/div><\/div><\/div><div id=\"pgc-w5b90fdb7732b4-0-1\"  class=\"panel-grid-cell\" ><div id=\"panel-w5b90fdb7732b4-0-1-0\" class=\"so-panel widget widget_sow-editor panel-first-child panel-last-child\" data-index=\"1\" ><div\n\t\t\t\n\t\t\tclass=\"so-widget-sow-editor so-widget-sow-editor-base\"\n\t\t\t\n\t\t>\n<div class=\"siteorigin-widget-tinymce textwidget\">\n\t<h2>UMA POT\u00caNCIA EFICAZ<\/h2>\n<p>O nosso objetivo n\u00e3o \u00e9 ter o liquidificador com mais cavalos do mercado, mas manter as rota\u00e7\u00f5es por minuto e a pot\u00eancia com o jarro cheio ao longo do tempo.<\/p>\n<p>A for\u00e7a concentra-se em todo o sistema de mistura e isto faz com que todos os componentes do liquidificador Vitamix funcionem em conjunto, criando misturas macias e cheias de sabor com rapidez.<\/p>\n<\/div>\n<\/div><\/div><\/div><\/div><\/div><\/div><\/div><\/div><\/div><div id=\"pg-1690-2\"  class=\"panel-grid panel-no-style\" ><div id=\"pgc-1690-2-0\"  class=\"panel-grid-cell\" ><div id=\"panel-1690-2-0-0\" class=\"so-panel widget widget_siteorigin-panels-builder panel-first-child panel-last-child\" data-index=\"2\" ><div id=\"pl-w5d161d3e79c66\"  class=\"panel-layout\" ><div id=\"pg-w5d161d3e79c66-0\"  class=\"panel-grid panel-has-style\" ><div class=\"container panel-row-style panel-row-style-for-w5d161d3e79c66-0\" ><div id=\"pgc-w5d161d3e79c66-0-0\"  class=\"panel-grid-cell\" ><div id=\"panel-w5d161d3e79c66-0-0-0\" class=\"so-panel widget widget_sow-editor panel-first-child panel-last-child\" data-index=\"0\" ><div\n\t\t\t\n\t\t\tclass=\"so-widget-sow-editor so-widget-sow-editor-base\"\n\t\t\t\n\t\t>\n<div class=\"siteorigin-widget-tinymce textwidget\">\n\t<hr \/>\n<\/div>\n<\/div><\/div><\/div><\/div><\/div><\/div><\/div><\/div><\/div><div id=\"pg-1690-3\"  class=\"panel-grid panel-no-style\" ><div id=\"pgc-1690-3-0\"  class=\"panel-grid-cell\" ><div id=\"panel-1690-3-0-0\" class=\"so-panel widget widget_siteorigin-panels-builder panel-first-child\" data-index=\"3\" ><div id=\"pl-w5b90fdb7733ad\"  class=\"panel-layout\" ><div id=\"pg-w5b90fdb7733ad-0\"  class=\"panel-grid panel-has-style\" ><div class=\"container panel-row-style panel-row-style-for-w5b90fdb7733ad-0\" ><div id=\"pgc-w5b90fdb7733ad-0-0\"  class=\"panel-grid-cell\" ><div id=\"panel-w5b90fdb7733ad-0-0-0\" class=\"so-panel widget widget_sow-editor panel-first-child panel-last-child\" data-index=\"0\" ><div\n\t\t\t\n\t\t\tclass=\"so-widget-sow-editor so-widget-sow-editor-base\"\n\t\t\t\n\t\t>\n<div class=\"siteorigin-widget-tinymce textwidget\">\n\t<h2>A LOUCURA DO SABOR<\/h2>\n<p>Uma pitada de picante faz maravilhas num liquidificador Vitamix. A pot\u00eancia do motor e a resist\u00eancia das l\u00e2minas aliam-se para microtriturar cada ingrediente, real\u00e7ando o seu sabor.<\/p>\n<p>Assim, \u00e9 preciso adicionar aos poucos as especiarias e os condimentos, sobretudo, alho e pimenta, e ir retificando o sabor.<\/p>\n<\/div>\n<\/div><\/div><\/div><div id=\"pgc-w5b90fdb7733ad-0-1\"  class=\"panel-grid-cell\" ><div id=\"panel-w5b90fdb7733ad-0-1-0\" class=\"so-panel widget widget_sow-image panel-first-child panel-last-child\" data-index=\"1\" ><div\n\t\t\t\n\t\t\tclass=\"so-widget-sow-image so-widget-sow-image-default-8b5b6f678277\"\n\t\t\t\n\t\t>\n<div class=\"sow-image-container\">\n\t\t<img \n\tsrc=\"https:\/\/www.vitamixportugal.com\/recetas\/wp-content\/uploads\/2016\/06\/desata-sabores-vitamix.jpg\" width=\"600\" height=\"392\" srcset=\"https:\/\/www.vitamixportugal.com\/recetas\/wp-content\/uploads\/2016\/06\/desata-sabores-vitamix.jpg 600w, https:\/\/www.vitamixportugal.com\/recetas\/wp-content\/uploads\/2016\/06\/desata-sabores-vitamix-300x196.jpg 300w\" sizes=\"(max-width: 600px) 100vw, 600px\" alt=\"\" \t\tclass=\"so-widget-image\"\/>\n\t<\/div>\n\n<\/div><\/div><\/div><\/div><\/div><\/div><\/div><div id=\"panel-1690-3-0-1\" class=\"so-panel widget widget_siteorigin-panels-builder\" data-index=\"4\" ><div id=\"pl-w5b90fdb77341b\"  class=\"panel-layout\" ><div id=\"pg-w5b90fdb77341b-0\"  class=\"panel-grid panel-has-style\" ><div class=\"container panel-row-style panel-row-style-for-w5b90fdb77341b-0\" ><div id=\"pgc-w5b90fdb77341b-0-0\"  class=\"panel-grid-cell\" ><div id=\"panel-w5b90fdb77341b-0-0-0\" class=\"so-panel widget widget_sow-editor panel-first-child panel-last-child\" data-index=\"0\" ><div\n\t\t\t\n\t\t\tclass=\"so-widget-sow-editor so-widget-sow-editor-base\"\n\t\t\t\n\t\t>\n<div class=\"siteorigin-widget-tinymce textwidget\">\n\t<hr \/>\n<\/div>\n<\/div><\/div><\/div><\/div><\/div><\/div><\/div><div id=\"panel-1690-3-0-2\" class=\"so-panel widget widget_siteorigin-panels-builder panel-last-child\" data-index=\"5\" ><div id=\"pl-w5d161d3e79d43\"  class=\"panel-layout\" ><div id=\"pg-w5d161d3e79d43-0\"  class=\"panel-grid panel-has-style\" ><div class=\"container panel-row-style panel-row-style-for-w5d161d3e79d43-0\" ><div id=\"pgc-w5d161d3e79d43-0-0\"  class=\"panel-grid-cell\" ><div id=\"panel-w5d161d3e79d43-0-0-0\" class=\"so-panel widget widget_sow-image panel-first-child panel-last-child\" data-index=\"0\" ><div\n\t\t\t\n\t\t\tclass=\"so-widget-sow-image so-widget-sow-image-default-8b5b6f678277\"\n\t\t\t\n\t\t>\n<div class=\"sow-image-container\">\n\t\t<img \n\tsrc=\"https:\/\/www.vitamixportugal.com\/recetas\/wp-content\/uploads\/2016\/06\/verduras-vitamix.jpg\" width=\"600\" height=\"392\" srcset=\"https:\/\/www.vitamixportugal.com\/recetas\/wp-content\/uploads\/2016\/06\/verduras-vitamix.jpg 600w, https:\/\/www.vitamixportugal.com\/recetas\/wp-content\/uploads\/2016\/06\/verduras-vitamix-300x196.jpg 300w\" sizes=\"(max-width: 600px) 100vw, 600px\" alt=\"\" \t\tclass=\"so-widget-image\"\/>\n\t<\/div>\n\n<\/div><\/div><\/div><div id=\"pgc-w5d161d3e79d43-0-1\"  class=\"panel-grid-cell\" ><div id=\"panel-w5d161d3e79d43-0-1-0\" class=\"so-panel widget widget_sow-editor panel-first-child panel-last-child\" data-index=\"1\" ><div\n\t\t\t\n\t\t\tclass=\"so-widget-sow-editor so-widget-sow-editor-base\"\n\t\t\t\n\t\t>\n<div class=\"siteorigin-widget-tinymce textwidget\">\n\t<h2>LEGUMES DISFAR\u00c7ADOS<\/h2>\n<p>Combine com os legumes para confecionar deliciosas receitas para crian\u00e7as. Com a Vitamix, transforme a comida que os mais pequenos devem comer, na qual querem comer, fingindo o sabor dos legumes de que menos gostam.<\/p>\n<p>Os liquidificadores Vitamix proporcionam-lhe todo o poder de que precisa para homogeneizar os ingredientes misturando sabores, para criar combina\u00e7\u00f5es ainda mais saborosas. Sem peda\u00e7os, sem polpa, sem sementes e sem legumes, pelo menos, aparentemente.<\/p>\n<\/div>\n<\/div><\/div><\/div><\/div><\/div><\/div><\/div><\/div><\/div><\/div>","protected":false},"excerpt":{"rendered":"<p>O LIQUIDIFICADOR DE COPO MAIS POTENTE Emprega toda a sua pot\u00eancia para real\u00e7ar os sabores A alta pot\u00eancia dos liquidificadores Vitamix permite uma perfeita tritura\u00e7\u00e3o dos alimentos e, ao mesmo tempo, mistura e liga os sabores, criando, assim, saborosas combina\u00e7\u00f5es. Para o consumidor, \u00e9 essencial que um liquidificador possa transformar uma s\u00e9rie de ingredientes saud\u00e1veis [&hellip;]<\/p>\n","protected":false},"author":1,"featured_media":0,"parent":0,"menu_order":0,"comment_status":"closed","ping_status":"closed","template":"page-fullwidth.php","meta":{"footnotes":""},"class_list":["post-1690","page","type-page","status-publish","hentry"],"yoast_head":"<!-- This site is optimized with the Yoast SEO plugin v26.1 - https:\/\/yoast.com\/wordpress\/plugins\/seo\/ -->\n<title>Vitamix - La batidora de vaso m\u00e1s potente del mercado<\/title>\n<meta name=\"description\" content=\"La alta potencia de las batidoras Vitamix permite una perfecta trituraci\u00f3n de los alimentos, a la vez que mezcla y liga los sabores.\" \/>\n<meta name=\"robots\" content=\"index, follow, max-snippet:-1, max-image-preview:large, max-video-preview:-1\" \/>\n<link rel=\"canonical\" href=\"https:\/\/www.vitamixportugal.com\/recetas\/o-liquidificador-de-copo-mais-potente\/\" \/>\n<meta property=\"og:locale\" content=\"pt_PT\" \/>\n<meta property=\"og:type\" content=\"article\" \/>\n<meta property=\"og:title\" content=\"Vitamix - La batidora de vaso m\u00e1s potente del mercado\" \/>\n<meta property=\"og:description\" content=\"La alta potencia de las batidoras Vitamix permite una perfecta trituraci\u00f3n de los alimentos, a la vez que mezcla y liga los sabores.\" \/>\n<meta property=\"og:url\" content=\"https:\/\/www.vitamixportugal.com\/recetas\/o-liquidificador-de-copo-mais-potente\/\" \/>\n<meta property=\"og:site_name\" content=\"Recetas Vitamix\" \/>\n<meta property=\"article:modified_time\" content=\"2019-06-28T13:59:26+00:00\" \/>\n<meta property=\"og:image\" content=\"https:\/\/www.vitamixespana.com\/recetas\/wp-content\/uploads\/2016\/06\/Why-Vitamix-Image-600x392-Trained-Power.jpg\" \/>\n<meta name=\"twitter:card\" content=\"summary_large_image\" \/>\n<meta name=\"twitter:label1\" content=\"Tempo estimado de leitura\" \/>\n\t<meta name=\"twitter:data1\" content=\"1 minuto\" \/>\n<script type=\"application\/ld+json\" class=\"yoast-schema-graph\">{\"@context\":\"https:\/\/schema.org\",\"@graph\":[{\"@type\":\"WebPage\",\"@id\":\"https:\/\/www.vitamixportugal.com\/recetas\/o-liquidificador-de-copo-mais-potente\/\",\"url\":\"https:\/\/www.vitamixportugal.com\/recetas\/o-liquidificador-de-copo-mais-potente\/\",\"name\":\"Vitamix - La batidora de vaso m\u00e1s potente del mercado\",\"isPartOf\":{\"@id\":\"https:\/\/www.vitamixportugal.com\/recetas\/#website\"},\"primaryImageOfPage\":{\"@id\":\"https:\/\/www.vitamixportugal.com\/recetas\/o-liquidificador-de-copo-mais-potente\/#primaryimage\"},\"image\":{\"@id\":\"https:\/\/www.vitamixportugal.com\/recetas\/o-liquidificador-de-copo-mais-potente\/#primaryimage\"},\"thumbnailUrl\":\"https:\/\/www.vitamixespana.com\/recetas\/wp-content\/uploads\/2016\/06\/Why-Vitamix-Image-600x392-Trained-Power.jpg\",\"datePublished\":\"2016-06-23T09:43:11+00:00\",\"dateModified\":\"2019-06-28T13:59:26+00:00\",\"description\":\"La alta potencia de las batidoras Vitamix permite una perfecta trituraci\u00f3n de los alimentos, a la vez que mezcla y liga los sabores.\",\"breadcrumb\":{\"@id\":\"https:\/\/www.vitamixportugal.com\/recetas\/o-liquidificador-de-copo-mais-potente\/#breadcrumb\"},\"inLanguage\":\"pt-PT\",\"potentialAction\":[{\"@type\":\"ReadAction\",\"target\":[\"https:\/\/www.vitamixportugal.com\/recetas\/o-liquidificador-de-copo-mais-potente\/\"]}]},{\"@type\":\"ImageObject\",\"inLanguage\":\"pt-PT\",\"@id\":\"https:\/\/www.vitamixportugal.com\/recetas\/o-liquidificador-de-copo-mais-potente\/#primaryimage\",\"url\":\"https:\/\/www.vitamixespana.com\/recetas\/wp-content\/uploads\/2016\/06\/Why-Vitamix-Image-600x392-Trained-Power.jpg\",\"contentUrl\":\"https:\/\/www.vitamixespana.com\/recetas\/wp-content\/uploads\/2016\/06\/Why-Vitamix-Image-600x392-Trained-Power.jpg\"},{\"@type\":\"BreadcrumbList\",\"@id\":\"https:\/\/www.vitamixportugal.com\/recetas\/o-liquidificador-de-copo-mais-potente\/#breadcrumb\",\"itemListElement\":[{\"@type\":\"ListItem\",\"position\":1,\"name\":\"In\u00edcio\",\"item\":\"https:\/\/www.vitamixportugal.com\/\"},{\"@type\":\"ListItem\",\"position\":2,\"name\":\"Recetas\",\"item\":\"https:\/\/www.vitamixportugal.com\/recetas\/\"},{\"@type\":\"ListItem\",\"position\":3,\"name\":\"O liquidificador de copo mais potente\"}]},{\"@type\":\"WebSite\",\"@id\":\"https:\/\/www.vitamixportugal.com\/recetas\/#website\",\"url\":\"https:\/\/www.vitamixportugal.com\/recetas\/\",\"name\":\"Recetas Vitamix\",\"description\":\"Recetas realizadas con Vitamix, la mejor batidora.\",\"potentialAction\":[{\"@type\":\"SearchAction\",\"target\":{\"@type\":\"EntryPoint\",\"urlTemplate\":\"https:\/\/www.vitamixportugal.com\/recetas\/?s={search_term_string}\"},\"query-input\":{\"@type\":\"PropertyValueSpecification\",\"valueRequired\":true,\"valueName\":\"search_term_string\"}}],\"inLanguage\":\"pt-PT\"}]}<\/script>\n<!-- \/ Yoast SEO plugin. -->","yoast_head_json":{"title":"Vitamix - La batidora de vaso m\u00e1s potente del mercado","description":"La alta potencia de las batidoras Vitamix permite una perfecta trituraci\u00f3n de los alimentos, a la vez que mezcla y liga los sabores.","robots":{"index":"index","follow":"follow","max-snippet":"max-snippet:-1","max-image-preview":"max-image-preview:large","max-video-preview":"max-video-preview:-1"},"canonical":"https:\/\/www.vitamixportugal.com\/recetas\/o-liquidificador-de-copo-mais-potente\/","og_locale":"pt_PT","og_type":"article","og_title":"Vitamix - La batidora de vaso m\u00e1s potente del mercado","og_description":"La alta potencia de las batidoras Vitamix permite una perfecta trituraci\u00f3n de los alimentos, a la vez que mezcla y liga los sabores.","og_url":"https:\/\/www.vitamixportugal.com\/recetas\/o-liquidificador-de-copo-mais-potente\/","og_site_name":"Recetas Vitamix","article_modified_time":"2019-06-28T13:59:26+00:00","og_image":[{"url":"https:\/\/www.vitamixespana.com\/recetas\/wp-content\/uploads\/2016\/06\/Why-Vitamix-Image-600x392-Trained-Power.jpg","type":"","width":"","height":""}],"twitter_card":"summary_large_image","twitter_misc":{"Tempo estimado de leitura":"1 minuto"},"schema":{"@context":"https:\/\/schema.org","@graph":[{"@type":"WebPage","@id":"https:\/\/www.vitamixportugal.com\/recetas\/o-liquidificador-de-copo-mais-potente\/","url":"https:\/\/www.vitamixportugal.com\/recetas\/o-liquidificador-de-copo-mais-potente\/","name":"Vitamix - La batidora de vaso m\u00e1s potente del mercado","isPartOf":{"@id":"https:\/\/www.vitamixportugal.com\/recetas\/#website"},"primaryImageOfPage":{"@id":"https:\/\/www.vitamixportugal.com\/recetas\/o-liquidificador-de-copo-mais-potente\/#primaryimage"},"image":{"@id":"https:\/\/www.vitamixportugal.com\/recetas\/o-liquidificador-de-copo-mais-potente\/#primaryimage"},"thumbnailUrl":"https:\/\/www.vitamixespana.com\/recetas\/wp-content\/uploads\/2016\/06\/Why-Vitamix-Image-600x392-Trained-Power.jpg","datePublished":"2016-06-23T09:43:11+00:00","dateModified":"2019-06-28T13:59:26+00:00","description":"La alta potencia de las batidoras Vitamix permite una perfecta trituraci\u00f3n de los alimentos, a la vez que mezcla y liga los sabores.","breadcrumb":{"@id":"https:\/\/www.vitamixportugal.com\/recetas\/o-liquidificador-de-copo-mais-potente\/#breadcrumb"},"inLanguage":"pt-PT","potentialAction":[{"@type":"ReadAction","target":["https:\/\/www.vitamixportugal.com\/recetas\/o-liquidificador-de-copo-mais-potente\/"]}]},{"@type":"ImageObject","inLanguage":"pt-PT","@id":"https:\/\/www.vitamixportugal.com\/recetas\/o-liquidificador-de-copo-mais-potente\/#primaryimage","url":"https:\/\/www.vitamixespana.com\/recetas\/wp-content\/uploads\/2016\/06\/Why-Vitamix-Image-600x392-Trained-Power.jpg","contentUrl":"https:\/\/www.vitamixespana.com\/recetas\/wp-content\/uploads\/2016\/06\/Why-Vitamix-Image-600x392-Trained-Power.jpg"},{"@type":"BreadcrumbList","@id":"https:\/\/www.vitamixportugal.com\/recetas\/o-liquidificador-de-copo-mais-potente\/#breadcrumb","itemListElement":[{"@type":"ListItem","position":1,"name":"In\u00edcio","item":"https:\/\/www.vitamixportugal.com\/"},{"@type":"ListItem","position":2,"name":"Recetas","item":"https:\/\/www.vitamixportugal.com\/recetas\/"},{"@type":"ListItem","position":3,"name":"O liquidificador de copo mais potente"}]},{"@type":"WebSite","@id":"https:\/\/www.vitamixportugal.com\/recetas\/#website","url":"https:\/\/www.vitamixportugal.com\/recetas\/","name":"Recetas Vitamix","description":"Recetas realizadas con Vitamix, la mejor batidora.","potentialAction":[{"@type":"SearchAction","target":{"@type":"EntryPoint","urlTemplate":"https:\/\/www.vitamixportugal.com\/recetas\/?s={search_term_string}"},"query-input":{"@type":"PropertyValueSpecification","valueRequired":true,"valueName":"search_term_string"}}],"inLanguage":"pt-PT"}]}},"_links":{"self":[{"href":"https:\/\/www.vitamixportugal.com\/recetas\/wp-json\/wp\/v2\/pages\/1690","targetHints":{"allow":["GET"]}}],"collection":[{"href":"https:\/\/www.vitamixportugal.com\/recetas\/wp-json\/wp\/v2\/pages"}],"about":[{"href":"https:\/\/www.vitamixportugal.com\/recetas\/wp-json\/wp\/v2\/types\/page"}],"author":[{"embeddable":true,"href":"https:\/\/www.vitamixportugal.com\/recetas\/wp-json\/wp\/v2\/users\/1"}],"replies":[{"embeddable":true,"href":"https:\/\/www.vitamixportugal.com\/recetas\/wp-json\/wp\/v2\/comments?post=1690"}],"version-history":[{"count":5,"href":"https:\/\/www.vitamixportugal.com\/recetas\/wp-json\/wp\/v2\/pages\/1690\/revisions"}],"predecessor-version":[{"id":1790,"href":"https:\/\/www.vitamixportugal.com\/recetas\/wp-json\/wp\/v2\/pages\/1690\/revisions\/1790"}],"wp:attachment":[{"href":"https:\/\/www.vitamixportugal.com\/recetas\/wp-json\/wp\/v2\/media?parent=1690"}],"curies":[{"name":"wp","href":"https:\/\/api.w.org\/{rel}","templated":true}]}}